{"id":21,"date":"2022-06-28T11:54:41","date_gmt":"2022-06-28T04:54:41","guid":{"rendered":"https:\/\/phonicsplay.edu.vn\/?page_id=21"},"modified":"2025-08-20T16:20:03","modified_gmt":"2025-08-20T09:20:03","slug":"khoa-hoc","status":"publish","type":"page","link":"http:\/\/phonicsplay.edu.vn\/en\/khoa-hoc\/","title":{"rendered":"KH\u00d3A H\u1eccC"},"content":{"rendered":"<div data-elementor-type=\"wp-page\" data-elementor-id=\"21\" class=\"elementor elementor-21\" data-elementor-post-type=\"page\">\n\t\t\t\t\t\t<section class=\"elementor-section elementor-top-section elementor-element elementor-element-f9b9b46 elementor-section-full_width elementor-section-height-default elementor-section-height-default\" data-id=\"f9b9b46\" data-element_type=\"section\">\n\t\t\t\t\t\t<div class=\"elementor-container elementor-column-gap-default\">\n\t\t\t\t\t<div class=\"elementor-column elementor-col-100 elementor-top-column elementor-element elementor-element-815e71d\" data-id=\"815e71d\" data-element_type=\"column\">\n\t\t\t<div class=\"elementor-widget-wrap elementor-element-populated\">\n\t\t\t\t\t\t<div class=\"elementor-element elementor-element-092e9e0 elementor--h-position-center elementor--v-position-middle elementor-arrows-position-inside elementor-pagination-position-inside elementor-widget elementor-widget-slides\" data-id=\"092e9e0\" data-element_type=\"widget\" data-settings=\"{&quot;navigation&quot;:&quot;both&quot;,&quot;autoplay&quot;:&quot;yes&quot;,&quot;pause_on_hover&quot;:&quot;yes&quot;,&quot;pause_on_interaction&quot;:&quot;yes&quot;,&quot;autoplay_speed&quot;:5000,&quot;infinite&quot;:&quot;yes&quot;,&quot;transition&quot;:&quot;slide&quot;,&quot;transition_speed&quot;:500}\" data-widget_type=\"slides.default\">\n\t\t\t\t<div class=\"elementor-widget-container\">\n\t\t\t\t\t<div class=\"elementor-swiper\">\n\t\t\t<div class=\"elementor-slides-wrapper elementor-main-swiper swiper\" dir=\"ltr\" data-animation=\"fadeInUp\">\n\t\t\t\t<div class=\"swiper-wrapper elementor-slides\">\n\t\t\t\t\t\t\t\t\t\t<div class=\"elementor-repeater-item-a10b3a2 swiper-slide\"><div class=\"swiper-slide-bg\" role=\"img\"><\/div><div class=\"swiper-slide-inner\" ><div class=\"swiper-slide-contents\"><\/div><\/div><\/div><div class=\"elementor-repeater-item-c45d314 swiper-slide\"><div class=\"swiper-slide-bg\" role=\"img\"><\/div><div class=\"swiper-slide-inner\" ><div class=\"swiper-slide-contents\"><\/div><\/div><\/div><div class=\"elementor-repeater-item-de71780 swiper-slide\"><div class=\"swiper-slide-bg\" role=\"img\"><\/div><div class=\"swiper-slide-inner\" ><div class=\"swiper-slide-contents\"><\/div><\/div><\/div>\t\t\t\t<\/div>\n\t\t\t\t\t\t\t\t\t\t\t\t\t\t\t<div class=\"swiper-pagination\"><\/div>\n\t\t\t\t\t\t\t\t\t\t\t\t\t\t\t\t<div class=\"elementor-swiper-button elementor-swiper-button-prev\" role=\"button\" tabindex=\"0\">\n\t\t\t\t\t\t\t<i aria-hidden=\"true\" class=\"eicon-chevron-left\"><\/i>\t\t\t\t\t\t\t<span class=\"elementor-screen-only\">Previous slide<\/span>\n\t\t\t\t\t\t<\/div>\n\t\t\t\t\t\t<div class=\"elementor-swiper-button elementor-swiper-button-next\" role=\"button\" tabindex=\"0\">\n\t\t\t\t\t\t\t<i aria-hidden=\"true\" class=\"eicon-chevron-right\"><\/i>\t\t\t\t\t\t\t<span class=\"elementor-screen-only\">Next slide<\/span>\n\t\t\t\t\t\t<\/div>\n\t\t\t\t\t\t\t\t\t\t\t\t<\/div>\n\t\t<\/div>\n\t\t\t\t<\/div>\n\t\t\t\t<\/div>\n\t\t\t\t<div class=\"elementor-element elementor-element-99e2bd9 elementor-widget elementor-widget-heading\" data-id=\"99e2bd9\" data-element_type=\"widget\" data-widget_type=\"heading.default\">\n\t\t\t\t<div class=\"elementor-widget-container\">\n\t\t\t<h1 class=\"elementor-heading-title elementor-size-default\">Gi\u1edbi thi\u1ec7u Kh\u00f3a h\u1ecdc Phonicsplay: H\u1ecdc Ti\u1ebfng Anh Vui V\u1ebb Cho Tr\u1ebb Em<\/h1>\t\t<\/div>\n\t\t\t\t<\/div>\n\t\t\t\t<div class=\"elementor-element elementor-element-07f3c9d elementor-widget elementor-widget-text-editor\" data-id=\"07f3c9d\" data-element_type=\"widget\" data-widget_type=\"text-editor.default\">\n\t\t\t\t<div class=\"elementor-widget-container\">\n\t\t\t\t\t\t\t<p>H\u00e3y c\u00f9ng kh\u00e1m ph\u00e1 th\u1ebf gi\u1edbi h\u1ea5p d\u1eabn v\u1ec1 ch\u01b0\u01a1ng tr\u00ecnh h\u1ecdc c\u1ee7a Trung t\u00e2m Anh ng\u1eef <strong><a href=\"https:\/\/www.facebook.com\/phonicsplayenglishhaiphong\" target=\"_blank\" rel=\"noopener\">Phonics Play<\/a><\/strong> ba m\u1eb9 nh\u00e9! Kh\u00e1m ph\u00e1 m\u1ecdi th\u1ee9 ba m\u1eb9 c\u1ea7n bi\u1ebft v\u1ec1 c\u00e1c c\u1ea5p \u0111\u1ed9 h\u1ecdc kh\u00e1c nhau, t\u1eeb k\u1ebft qu\u1ea3 \u0111\u1ea7u ra c\u1ee5 th\u1ec3 \u0111\u1ebfn nh\u00f3m tu\u1ed5i m\u00e0 m\u1ed7i c\u1ea5p \u0111\u1ed9 \u0111\u01b0\u1ee3c thi\u1ebft k\u1ebf. Trung t\u00e2m c\u00f2n \u0111\u01b0a v\u00e0o m\u1ed9t s\u1ed1 ho\u1ea1t \u0111\u1ed9ng trong ch\u01b0\u01a1ng tr\u00ecnh gi\u1ea3ng d\u1ea1y \u0111\u1ec3 ba m\u1eb9 c\u00f3 th\u1ec3 c\u1ea3m nh\u1eadn \u0111\u01b0\u1ee3c n\u1ed9i dung b\u00e0i con s\u1ebd h\u1ecdc. V\u00e0 \u0111\u1ec3 gi\u1edbi thi\u1ec7u v\u1ec1 ph\u01b0\u01a1ng ph\u00e1p gi\u1ea3ng d\u1ea1y, Trung t\u00e2m c\u00f3 m\u1ed9t s\u1ed1 video n\u00f3i Ti\u1ebfng Anh c\u1ee7a h\u1ecdc sinh \u1edf m\u1ed7i c\u1ea5p \u0111\u1ed9.<\/p>\t\t\t\t\t\t<\/div>\n\t\t\t\t<\/div>\n\t\t\t\t<div class=\"elementor-element elementor-element-0a27f16 elementor-widget elementor-widget-image-carousel\" data-id=\"0a27f16\" data-element_type=\"widget\" data-settings=\"{&quot;slides_to_show&quot;:&quot;3&quot;,&quot;slides_to_show_mobile&quot;:&quot;1&quot;,&quot;slides_to_scroll&quot;:&quot;1&quot;,&quot;navigation&quot;:&quot;none&quot;,&quot;autoplay&quot;:&quot;no&quot;,&quot;infinite&quot;:&quot;no&quot;,&quot;speed&quot;:500,&quot;image_spacing_custom&quot;:{&quot;unit&quot;:&quot;px&quot;,&quot;size&quot;:20,&quot;sizes&quot;:[]},&quot;image_spacing_custom_tablet&quot;:{&quot;unit&quot;:&quot;px&quot;,&quot;size&quot;:&quot;&quot;,&quot;sizes&quot;:[]}}\" data-widget_type=\"image-carousel.default\">\n\t\t\t\t<div class=\"elementor-widget-container\">\n\t\t\t\t\t<div class=\"elementor-image-carousel-wrapper swiper\" dir=\"ltr\">\n\t\t\t<div class=\"elementor-image-carousel swiper-wrapper swiper-image-stretch\" aria-live=\"polite\">\n\t\t\t\t\t\t\t\t<div class=\"swiper-slide\" role=\"group\" aria-roledescription=\"slide\" aria-label=\"1 of 5\"><figure class=\"swiper-slide-inner\"><img decoding=\"async\" class=\"swiper-slide-image\" src=\"http:\/\/phonicsplay.edu.vn\/wp-content\/uploads\/2025\/08\/z6074924549052_f4c8c86d9816eb1f4590674865f0598b-1024x683.jpg\" alt=\"\" \/><\/figure><\/div><div class=\"swiper-slide\" role=\"group\" aria-roledescription=\"slide\" aria-label=\"2 of 5\"><figure class=\"swiper-slide-inner\"><img decoding=\"async\" class=\"swiper-slide-image\" src=\"http:\/\/phonicsplay.edu.vn\/wp-content\/uploads\/2025\/08\/IMG_5775-1024x682.jpg\" alt=\"\" \/><\/figure><\/div><div class=\"swiper-slide\" role=\"group\" aria-roledescription=\"slide\" aria-label=\"3 of 5\"><figure class=\"swiper-slide-inner\"><img decoding=\"async\" class=\"swiper-slide-image\" src=\"http:\/\/phonicsplay.edu.vn\/wp-content\/uploads\/2025\/01\/khaitruong_9-1024x683.jpg\" alt=\"\" \/><\/figure><\/div><div class=\"swiper-slide\" role=\"group\" aria-roledescription=\"slide\" aria-label=\"4 of 5\"><figure class=\"swiper-slide-inner\"><img decoding=\"async\" class=\"swiper-slide-image\" src=\"http:\/\/phonicsplay.edu.vn\/wp-content\/uploads\/2024\/11\/Phonicsplay-TRUNG-TAM-TIENG-ANH-HANG-DAU-TAI-AN-DUONG-HAI-PHONGIMG_1584-scaled.jpg\" alt=\"\" \/><\/figure><\/div><div class=\"swiper-slide\" role=\"group\" aria-roledescription=\"slide\" aria-label=\"5 of 5\"><figure class=\"swiper-slide-inner\"><img decoding=\"async\" class=\"swiper-slide-image\" src=\"http:\/\/phonicsplay.edu.vn\/wp-content\/uploads\/2025\/04\/IMG_6321-1024x683.jpg\" alt=\"\" \/><\/figure><\/div>\t\t\t<\/div>\n\t\t\t\t\t\t\t\n\t\t\t\t\t\t\t\t\t<\/div>\n\t\t\t\t<\/div>\n\t\t\t\t<\/div>\n\t\t\t\t<section class=\"elementor-section elementor-inner-section elementor-element elementor-element-4a88865 elementor-section-full_width elementor-section-height-default elementor-section-height-default\" data-id=\"4a88865\" data-element_type=\"section\">\n\t\t\t\t\t\t<div class=\"elementor-container elementor-column-gap-no\">\n\t\t\t\t\t<div class=\"elementor-column elementor-col-50 elementor-inner-column elementor-element elementor-element-f3fc157\" data-id=\"f3fc157\" data-element_type=\"column\">\n\t\t\t<div class=\"elementor-widget-wrap elementor-element-populated\">\n\t\t\t\t\t\t<div class=\"elementor-element elementor-element-b835dc0 elementor-widget__width-inherit eael-infobox-content-align-left eael-infobox-content-align-left elementor-widget elementor-widget-eael-info-box\" data-id=\"b835dc0\" data-element_type=\"widget\" data-widget_type=\"eael-info-box.default\">\n\t\t\t\t<div class=\"elementor-widget-container\">\n\t\t\t        <div class=\"eael-infobox\">\n\t            <div class=\"infobox-content\">\n                            <h2 class=\"title\">PRE-PHONICS:\u200b<\/h2>\n                                                                        <p>\nTr\u1ebb em trong \u0111\u1ed9 tu\u1ed5i 4-5 tu\u1ed5i.\n32 bu\u1ed5i h\u1ecdc trong 4 th\u00e1ng.\nCh\u01b0\u01a1ng tr\u00ecnh h\u1ecdc bao g\u1ed3m 14 ch\u1ee7 \u0111\u1ec1 v\u00e0 42 \u00e2m ti\u1ebft, \u0111\u01b0\u1ee3c chia th\u00e0nh 7 nh\u00f3m.\nH\u1ecdc sinh s\u1ebd h\u1ecdc \u0111\u01b0\u1ee3c c\u00e1ch nh\u1eadn di\u1ec7n v\u00e0 ph\u00e1t \u00e2m t\u1ea5t c\u1ea3 c\u00e1c \u00e2m ti\u1ebft v\u00e0o cu\u1ed1i c\u1ea5p \u0111\u1ed9.<\/p>\n                                                                            <\/div>\n            <\/div>\n\n\t\t\t\t<\/div>\n\t\t\t\t<\/div>\n\t\t\t\t<div class=\"elementor-element elementor-element-33510b2 elementor-widget__width-inherit eael-infobox-content-align-left eael-infobox-content-align-left elementor-widget elementor-widget-eael-info-box\" data-id=\"33510b2\" data-element_type=\"widget\" data-widget_type=\"eael-info-box.default\">\n\t\t\t\t<div class=\"elementor-widget-container\">\n\t\t\t        <div class=\"eael-infobox\">\n\t            <div class=\"infobox-content\">\n                            <h2 class=\"title\">PHONICS 1:\u200b<\/h2>\n                                                                        <p>Kh\u00f3a h\u1ecdc d\u00e0nh cho tr\u1ebb em t\u1eeb 6-7 tu\u1ed5i. 32 bu\u1ed5i h\u1ecdc trong 4 th\u00e1ng. Ch\u01b0\u01a1ng tr\u00ecnh h\u1ecdc bao g\u1ed3m 12 t\u1eeb v\u1ef1ng b\u1ea5t quy t\u1eafc, k\u1ebft h\u1ee3p c\u00e1c \u00e2m ti\u1ebft th\u00e0nh t\u1eeb v\u00e0 ng\u1eef ph\u00e1p c\u01a1 b\u1ea3n.\nH\u1ecdc sinh s\u1ebd c\u00f3 th\u1ec3 \u0111\u1ecdc, n\u00f3i v\u00e0 vi\u1ebft \u0111\u01b0\u1ee3c t\u1ea5t c\u1ea3 c\u00e1c \u00e2m ti\u1ebft v\u00e0 12 t\u1eeb v\u1ef1ng b\u1ea5t quy t\u1eafc v\u00e0o cu\u1ed1i c\u1ea5p \u0111\u1ed9.<\/p>\n                                                                            <\/div>\n            <\/div>\n\n\t\t\t\t<\/div>\n\t\t\t\t<\/div>\n\t\t\t\t<div class=\"elementor-element elementor-element-077b947 elementor-widget__width-inherit eael-infobox-content-align-left eael-infobox-content-align-left elementor-widget elementor-widget-eael-info-box\" data-id=\"077b947\" data-element_type=\"widget\" data-widget_type=\"eael-info-box.default\">\n\t\t\t\t<div class=\"elementor-widget-container\">\n\t\t\t        <div class=\"eael-infobox\">\n\t            <div class=\"infobox-content\">\n                            <h2 class=\"title\">PHONICS 2:\u200b<\/h2>\n                                                                        <p>Kh\u00f3a h\u1ecdc d\u00e0nh cho tr\u1ebb em t\u1eeb 8-9 tu\u1ed5i. 32 bu\u1ed5i h\u1ecdc trong 4 th\u00e1ng. Ch\u01b0\u01a1ng tr\u00ecnh h\u1ecdc bao g\u1ed3m 28 t\u1eeb v\u1ef1ng b\u1ea5t quy t\u1eafc, c\u00e1ch k\u1ebft h\u1ee3p c\u00e1c ch\u1eef c\u00f3 \u00e2m thanh t\u01b0\u01a1ng t\u1ef1 v\u00e0 c\u1ea5u tr\u00fac ng\u1eef ph\u00e1p c\u01a1 b\u1ea3n. H\u1ecdc sinh s\u1ebd c\u00f3 th\u1ec3 gh\u00e9p v\u1ea7n v\u1edbi c\u00e1c t\u1eeb \u0111\u00e3 h\u1ecdc, c\u00f3 th\u1ec3 \u0111\u1ecdc, vi\u1ebft v\u00e0 ghi nh\u1edb 28 t\u1eeb v\u1ef1ng b\u1ea5t quy t\u1eafc khi k\u1ebft th\u00fac c\u1ea5p \u0111\u1ed9.<\/p>\n                                                                            <\/div>\n            <\/div>\n\n\t\t\t\t<\/div>\n\t\t\t\t<\/div>\n\t\t\t\t\t<\/div>\n\t\t<\/div>\n\t\t\t\t<div class=\"elementor-column elementor-col-50 elementor-inner-column elementor-element elementor-element-22618cd\" data-id=\"22618cd\" data-element_type=\"column\">\n\t\t\t<div class=\"elementor-widget-wrap elementor-element-populated\">\n\t\t\t\t\t\t<div class=\"elementor-element elementor-element-40338f9 elementor-widget__width-inherit eael-infobox-content-align-left eael-infobox-content-align-left elementor-widget elementor-widget-eael-info-box\" data-id=\"40338f9\" data-element_type=\"widget\" data-widget_type=\"eael-info-box.default\">\n\t\t\t\t<div class=\"elementor-widget-container\">\n\t\t\t        <div class=\"eael-infobox\">\n\t            <div class=\"infobox-content\">\n                            <h2 class=\"title\">PHONICS 3:\u200b<\/h2>\n                                                                        <p>Kh\u00f3a h\u1ecdc d\u00e0nh cho tr\u1ebb em t\u1eeb 10 tu\u1ed5i tr\u1edf l\u00ean. 32 bu\u1ed5i h\u1ecdc trong v\u00f2ng 4 th\u00e1ng. Ch\u01b0\u01a1ng tr\u00ecnh h\u1ecdc bao g\u1ed3m 32 t\u1eeb v\u1ef1ng b\u1ea5t quy t\u1eafc, c\u00e1ch k\u1ebft h\u1ee3p ch\u1eef c\u00e1i c\u00f3 nhi\u1ec1u \u00e2m thanh gi\u1ed1ng nhau h\u01a1n, v\u00e0 c\u1ea5u tr\u00fac ng\u1eef ph\u00e1p c\u01a1 b\u1ea3n \u1edf tr\u00ecnh \u0111\u1ed9 l\u1edbp 5. H\u1ecdc sinh s\u1ebd ph\u00e1t tri\u1ec3n k\u1ef9 n\u0103ng nghe, vi\u1ebft ch\u00ednh t\u1ea3, \u0111\u1ecdc v\u00e0 hi\u1ec3u c\u00e1c \u0111o\u1ea1n v\u0103n v\u00e0 truy\u1ec7n ng\u1eafn.<\/p>\n                                                                            <\/div>\n            <\/div>\n\n\t\t\t\t<\/div>\n\t\t\t\t<\/div>\n\t\t\t\t<div class=\"elementor-element elementor-element-8d23ac8 elementor-widget__width-inherit eael-infobox-content-align-left eael-infobox-content-align-left elementor-widget elementor-widget-eael-info-box\" data-id=\"8d23ac8\" data-element_type=\"widget\" data-widget_type=\"eael-info-box.default\">\n\t\t\t\t<div class=\"elementor-widget-container\">\n\t\t\t        <div class=\"eael-infobox\">\n\t            <div class=\"infobox-content\">\n                            <h2 class=\"title\">PHONICS SPECIAL:\u200b<\/h2>\n                                                                        <p>Kh\u00f3a h\u1ecdc d\u00e0nh cho tr\u1ebb em t\u1eeb 11-15 tu\u1ed5i. 48 bu\u1ed5i h\u1ecdc trong v\u00f2ng 6 th\u00e1ng. Ch\u01b0\u01a1ng tr\u00ecnh h\u1ecdc bao g\u1ed3m to\u00e0n b\u1ed9 h\u1ec7 th\u1ed1ng ch\u1eef c\u00e1i ng\u1eef \u00e2m. H\u1ecdc sinh s\u1ebd c\u00f3 kh\u1ea3 n\u0103ng \u0111\u1ecdc to\u00e0n b\u1ed9 c\u00e2u chuy\u1ec7n. H\u1ecdc sinh s\u1ebd hi\u1ec3u \u0111\u01b0\u1ee3c ng\u1eef ph\u00e1p c\u01a1 b\u1ea3n \u1edf m\u1ecdi c\u1ea5p \u0111\u1ed9. H\u1ecdc sinh s\u1ebd c\u00f3 th\u1ec3 \u0111\u1ecdc to\u00e0n b\u1ed9 \u0111o\u1ea1n v\u0103n kh\u00f4ng c\u1ea7n s\u1ef1 tr\u1ee3 gi\u00fap t\u1eeb t\u1eeb \u0111i\u1ec3n.<\/p>\n                                                                            <\/div>\n            <\/div>\n\n\t\t\t\t<\/div>\n\t\t\t\t<\/div>\n\t\t\t\t<div class=\"elementor-element elementor-element-9bbec0e elementor-widget__width-inherit eael-infobox-content-align-left eael-infobox-content-align-left elementor-widget elementor-widget-eael-info-box\" data-id=\"9bbec0e\" data-element_type=\"widget\" data-widget_type=\"eael-info-box.default\">\n\t\t\t\t<div class=\"elementor-widget-container\">\n\t\t\t        <div class=\"eael-infobox\">\n\t            <div class=\"infobox-content\">\n                            <h2 class=\"title\">PHONICS MASTER:\u200b<\/h2>\n                                                                        <p>Kh\u00f3a h\u1ecdc cho h\u1ecdc sinh \u0111\u00e3 ho\u00e0n th\u00e0nh ch\u01b0\u01a1ng tr\u00ecnh Jolly Phonics. Ch\u01b0\u01a1ng tr\u00ecnh \u0111\u01b0\u1ee3c thi\u1ebft k\u1ebf gi\u00fap h\u1ecdc sinh n\u1eafm v\u1eefng k\u1ef9 n\u0103ng nghe, n\u00f3i, \u0111\u1ecdc v\u00e0 vi\u1ebft c\u01a1 b\u1ea3n. H\u1ecdc sinh s\u1ebd c\u00f3 th\u1ec3 t\u1ef1 vi\u1ebft \u0111o\u1ea1n v\u0103n v\u1ec1 c\u00e1c ch\u1ee7 \u0111\u1ec1 kh\u00e1c nhau. H\u1ecdc sinh s\u1ebd c\u00f3 th\u1ec3 th\u1ec3 hi\u1ec7n \u00fd ki\u1ebfn c\u00e1 nh\u00e2n v\u1ec1 m\u1ed9t v\u1ea5n \u0111\u1ec1.<\/p>\n                                                                            <\/div>\n            <\/div>\n\n\t\t\t\t<\/div>\n\t\t\t\t<\/div>\n\t\t\t\t\t<\/div>\n\t\t<\/div>\n\t\t\t\t\t<\/div>\n\t\t<\/section>\n\t\t\t\t\t<\/div>\n\t\t<\/div>\n\t\t\t\t\t<\/div>\n\t\t<\/section>\n\t\t\t\t<\/div>","protected":false},"excerpt":{"rendered":"<p>Previous slide Next slide Gi\u1edbi thi\u1ec7u Kh\u00f3a h\u1ecdc Phonicsplay: H\u1ecdc Ti\u1ebfng Anh Vui V\u1ebb Cho Tr\u1ebb Em H\u00e3y c\u00f9ng kh\u00e1m ph\u00e1 th\u1ebf gi\u1edbi h\u1ea5p d\u1eabn v\u1ec1 ch\u01b0\u01a1ng tr\u00ecnh h\u1ecdc c\u1ee7a Trung t\u00e2m Anh ng\u1eef Phonics Play ba m\u1eb9 nh\u00e9! Kh\u00e1m ph\u00e1 m\u1ecdi th\u1ee9 ba m\u1eb9 c\u1ea7n bi\u1ebft v\u1ec1 c\u00e1c c\u1ea5p \u0111\u1ed9 h\u1ecdc kh\u00e1c nhau, t\u1eeb [&hellip;]<\/p>","protected":false},"author":2,"featured_media":0,"parent":0,"menu_order":0,"comment_status":"closed","ping_status":"closed","template":"","meta":{"_eb_attr":"","om_disable_all_campaigns":false,"_monsterinsights_skip_tracking":false,"_monsterinsights_sitenote_active":false,"_monsterinsights_sitenote_note":"","_monsterinsights_sitenote_category":0,"footnotes":""},"class_list":["post-21","page","type-page","status-publish","hentry"],"yoast_head":"<!-- This site is optimized with the Yoast SEO plugin v21.5 - https:\/\/yoast.com\/wordpress\/plugins\/seo\/ -->\n<title>KH\u00d3A H\u1eccC - Phonicsplay English Center<\/title>\n<meta name=\"description\" content=\"Ch\u01b0\u01a1ng tr\u00ecnh d\u1ea1y ti\u1ebfng Anh cho tr\u1ebb chu\u1ea9n Anh-Anh v\u1edbi l\u1ed9 tr\u00ecnh h\u1ecdc r\u00f5 r\u00e0ng \u0111\u01b0\u1ee3c thi\u1ebft k\u1ebf ri\u00eang bi\u1ec7t, ph\u00f9 h\u1ee3p cho t\u1eebng l\u1ee9a tu\u1ed5i kh\u00e1c nhau.\" \/>\n<meta name=\"robots\" content=\"index, follow, max-snippet:-1, max-image-preview:large, max-video-preview:-1\" \/>\n<link rel=\"canonical\" href=\"http:\/\/phonicsplay.edu.vn\/en\/khoa-hoc\/\" \/>\n<meta property=\"og:locale\" content=\"en_US\" \/>\n<meta property=\"og:type\" content=\"article\" \/>\n<meta property=\"og:title\" content=\"KH\u00d3A H\u1eccC - Phonicsplay English Center\" \/>\n<meta property=\"og:description\" content=\"Ch\u01b0\u01a1ng tr\u00ecnh d\u1ea1y ti\u1ebfng Anh cho tr\u1ebb chu\u1ea9n Anh-Anh v\u1edbi l\u1ed9 tr\u00ecnh h\u1ecdc r\u00f5 r\u00e0ng \u0111\u01b0\u1ee3c thi\u1ebft k\u1ebf ri\u00eang bi\u1ec7t, ph\u00f9 h\u1ee3p cho t\u1eebng l\u1ee9a tu\u1ed5i kh\u00e1c nhau.\" \/>\n<meta property=\"og:url\" content=\"http:\/\/phonicsplay.edu.vn\/en\/khoa-hoc\/\" \/>\n<meta property=\"og:site_name\" content=\"Phonicsplay English Center\" \/>\n<meta property=\"article:publisher\" content=\"https:\/\/www.facebook.com\/trungtamanhnguphonicsplay\" \/>\n<meta property=\"article:modified_time\" content=\"2025-08-20T09:20:03+00:00\" \/>\n<meta property=\"og:image\" content=\"http:\/\/phonicsplay.edu.vn\/wp-content\/uploads\/2025\/08\/z6074924549052_f4c8c86d9816eb1f4590674865f0598b-1024x683.jpg\" \/>\n<meta name=\"twitter:card\" content=\"summary_large_image\" \/>\n<meta name=\"twitter:label1\" content=\"Est. reading time\" \/>\n\t<meta name=\"twitter:data1\" content=\"7 minutes\" \/>\n<script type=\"application\/ld+json\" class=\"yoast-schema-graph\">{\"@context\":\"https:\/\/schema.org\",\"@graph\":[{\"@type\":\"WebPage\",\"@id\":\"https:\/\/phonicsplay.edu.vn\/khoa-hoc\/\",\"url\":\"https:\/\/phonicsplay.edu.vn\/khoa-hoc\/\",\"name\":\"KH\u00d3A H\u1eccC - Phonicsplay English Center\",\"isPartOf\":{\"@id\":\"https:\/\/phonicsplay.edu.vn\/#website\"},\"datePublished\":\"2022-06-28T04:54:41+00:00\",\"dateModified\":\"2025-08-20T09:20:03+00:00\",\"description\":\"Ch\u01b0\u01a1ng tr\u00ecnh d\u1ea1y ti\u1ebfng Anh cho tr\u1ebb chu\u1ea9n Anh-Anh v\u1edbi l\u1ed9 tr\u00ecnh h\u1ecdc r\u00f5 r\u00e0ng \u0111\u01b0\u1ee3c thi\u1ebft k\u1ebf ri\u00eang bi\u1ec7t, ph\u00f9 h\u1ee3p cho t\u1eebng l\u1ee9a tu\u1ed5i kh\u00e1c nhau.\",\"breadcrumb\":{\"@id\":\"https:\/\/phonicsplay.edu.vn\/khoa-hoc\/#breadcrumb\"},\"inLanguage\":\"en-US\",\"potentialAction\":[{\"@type\":\"ReadAction\",\"target\":[\"https:\/\/phonicsplay.edu.vn\/khoa-hoc\/\"]}]},{\"@type\":\"BreadcrumbList\",\"@id\":\"https:\/\/phonicsplay.edu.vn\/khoa-hoc\/#breadcrumb\",\"itemListElement\":[{\"@type\":\"ListItem\",\"position\":1,\"name\":\"Trang ch\u1ee7\",\"item\":\"https:\/\/phonicsplay.edu.vn\/\"},{\"@type\":\"ListItem\",\"position\":2,\"name\":\"KH\u00d3A H\u1eccC\"}]},{\"@type\":\"WebSite\",\"@id\":\"https:\/\/phonicsplay.edu.vn\/#website\",\"url\":\"https:\/\/phonicsplay.edu.vn\/\",\"name\":\"Phonicsplay English Center\",\"description\":\"Where Learning English Is The Same As Vietnamese\",\"publisher\":{\"@id\":\"https:\/\/phonicsplay.edu.vn\/#organization\"},\"potentialAction\":[{\"@type\":\"SearchAction\",\"target\":{\"@type\":\"EntryPoint\",\"urlTemplate\":\"https:\/\/phonicsplay.edu.vn\/?s={search_term_string}\"},\"query-input\":\"required name=search_term_string\"}],\"inLanguage\":\"en-US\"},{\"@type\":\"Organization\",\"@id\":\"https:\/\/phonicsplay.edu.vn\/#organization\",\"name\":\"Phonicsplay English Center\",\"url\":\"https:\/\/phonicsplay.edu.vn\/\",\"logo\":{\"@type\":\"ImageObject\",\"inLanguage\":\"en-US\",\"@id\":\"https:\/\/phonicsplay.edu.vn\/#\/schema\/logo\/image\/\",\"url\":\"http:\/\/phonicsplay.edu.vn\/wp-content\/uploads\/2022\/06\/Logo-jolly-phonic-final-02.png\",\"contentUrl\":\"http:\/\/phonicsplay.edu.vn\/wp-content\/uploads\/2022\/06\/Logo-jolly-phonic-final-02.png\",\"width\":1920,\"height\":1920,\"caption\":\"Phonicsplay English Center\"},\"image\":{\"@id\":\"https:\/\/phonicsplay.edu.vn\/#\/schema\/logo\/image\/\"},\"sameAs\":[\"https:\/\/www.facebook.com\/trungtamanhnguphonicsplay\",\"https:\/\/www.instagram.com\/phonicsplayenglish\/\",\"https:\/\/www.tiktok.com\/@phonicsplay\",\"https:\/\/www.youtube.com\/@phonicsplayenglish\",\"https:\/\/phonicsplay.kiddihub.com\/\"]}]}<\/script>\n<!-- \/ Yoast SEO plugin. -->","yoast_head_json":{"title":"KH\u00d3A H\u1eccC - Phonicsplay English Center","description":"Ch\u01b0\u01a1ng tr\u00ecnh d\u1ea1y ti\u1ebfng Anh cho tr\u1ebb chu\u1ea9n Anh-Anh v\u1edbi l\u1ed9 tr\u00ecnh h\u1ecdc r\u00f5 r\u00e0ng \u0111\u01b0\u1ee3c thi\u1ebft k\u1ebf ri\u00eang bi\u1ec7t, ph\u00f9 h\u1ee3p cho t\u1eebng l\u1ee9a tu\u1ed5i kh\u00e1c nhau.","robots":{"index":"index","follow":"follow","max-snippet":"max-snippet:-1","max-image-preview":"max-image-preview:large","max-video-preview":"max-video-preview:-1"},"canonical":"http:\/\/phonicsplay.edu.vn\/en\/khoa-hoc\/","og_locale":"en_US","og_type":"article","og_title":"KH\u00d3A H\u1eccC - Phonicsplay English Center","og_description":"Ch\u01b0\u01a1ng tr\u00ecnh d\u1ea1y ti\u1ebfng Anh cho tr\u1ebb chu\u1ea9n Anh-Anh v\u1edbi l\u1ed9 tr\u00ecnh h\u1ecdc r\u00f5 r\u00e0ng \u0111\u01b0\u1ee3c thi\u1ebft k\u1ebf ri\u00eang bi\u1ec7t, ph\u00f9 h\u1ee3p cho t\u1eebng l\u1ee9a tu\u1ed5i kh\u00e1c nhau.","og_url":"http:\/\/phonicsplay.edu.vn\/en\/khoa-hoc\/","og_site_name":"Phonicsplay English Center","article_publisher":"https:\/\/www.facebook.com\/trungtamanhnguphonicsplay","article_modified_time":"2025-08-20T09:20:03+00:00","og_image":[{"url":"http:\/\/phonicsplay.edu.vn\/wp-content\/uploads\/2025\/08\/z6074924549052_f4c8c86d9816eb1f4590674865f0598b-1024x683.jpg"}],"twitter_card":"summary_large_image","twitter_misc":{"Est. reading time":"7 minutes"},"schema":{"@context":"https:\/\/schema.org","@graph":[{"@type":"WebPage","@id":"https:\/\/phonicsplay.edu.vn\/khoa-hoc\/","url":"https:\/\/phonicsplay.edu.vn\/khoa-hoc\/","name":"KH\u00d3A H\u1eccC - Phonicsplay English Center","isPartOf":{"@id":"https:\/\/phonicsplay.edu.vn\/#website"},"datePublished":"2022-06-28T04:54:41+00:00","dateModified":"2025-08-20T09:20:03+00:00","description":"Ch\u01b0\u01a1ng tr\u00ecnh d\u1ea1y ti\u1ebfng Anh cho tr\u1ebb chu\u1ea9n Anh-Anh v\u1edbi l\u1ed9 tr\u00ecnh h\u1ecdc r\u00f5 r\u00e0ng \u0111\u01b0\u1ee3c thi\u1ebft k\u1ebf ri\u00eang bi\u1ec7t, ph\u00f9 h\u1ee3p cho t\u1eebng l\u1ee9a tu\u1ed5i kh\u00e1c nhau.","breadcrumb":{"@id":"https:\/\/phonicsplay.edu.vn\/khoa-hoc\/#breadcrumb"},"inLanguage":"en-US","potentialAction":[{"@type":"ReadAction","target":["https:\/\/phonicsplay.edu.vn\/khoa-hoc\/"]}]},{"@type":"BreadcrumbList","@id":"https:\/\/phonicsplay.edu.vn\/khoa-hoc\/#breadcrumb","itemListElement":[{"@type":"ListItem","position":1,"name":"Trang ch\u1ee7","item":"https:\/\/phonicsplay.edu.vn\/"},{"@type":"ListItem","position":2,"name":"KH\u00d3A H\u1eccC"}]},{"@type":"WebSite","@id":"https:\/\/phonicsplay.edu.vn\/#website","url":"https:\/\/phonicsplay.edu.vn\/","name":"Phonicsplay English Center","description":"Where Learning English Is The Same As Vietnamese","publisher":{"@id":"https:\/\/phonicsplay.edu.vn\/#organization"},"potentialAction":[{"@type":"SearchAction","target":{"@type":"EntryPoint","urlTemplate":"https:\/\/phonicsplay.edu.vn\/?s={search_term_string}"},"query-input":"required name=search_term_string"}],"inLanguage":"en-US"},{"@type":"Organization","@id":"https:\/\/phonicsplay.edu.vn\/#organization","name":"Phonicsplay English Center","url":"https:\/\/phonicsplay.edu.vn\/","logo":{"@type":"ImageObject","inLanguage":"en-US","@id":"https:\/\/phonicsplay.edu.vn\/#\/schema\/logo\/image\/","url":"http:\/\/phonicsplay.edu.vn\/wp-content\/uploads\/2022\/06\/Logo-jolly-phonic-final-02.png","contentUrl":"http:\/\/phonicsplay.edu.vn\/wp-content\/uploads\/2022\/06\/Logo-jolly-phonic-final-02.png","width":1920,"height":1920,"caption":"Phonicsplay English Center"},"image":{"@id":"https:\/\/phonicsplay.edu.vn\/#\/schema\/logo\/image\/"},"sameAs":["https:\/\/www.facebook.com\/trungtamanhnguphonicsplay","https:\/\/www.instagram.com\/phonicsplayenglish\/","https:\/\/www.tiktok.com\/@phonicsplay","https:\/\/www.youtube.com\/@phonicsplayenglish","https:\/\/phonicsplay.kiddihub.com\/"]}]}},"_links":{"self":[{"href":"http:\/\/phonicsplay.edu.vn\/en\/wp-json\/wp\/v2\/pages\/21","targetHints":{"allow":["GET"]}}],"collection":[{"href":"http:\/\/phonicsplay.edu.vn\/en\/wp-json\/wp\/v2\/pages"}],"about":[{"href":"http:\/\/phonicsplay.edu.vn\/en\/wp-json\/wp\/v2\/types\/page"}],"author":[{"embeddable":true,"href":"http:\/\/phonicsplay.edu.vn\/en\/wp-json\/wp\/v2\/users\/2"}],"replies":[{"embeddable":true,"href":"http:\/\/phonicsplay.edu.vn\/en\/wp-json\/wp\/v2\/comments?post=21"}],"version-history":[{"count":254,"href":"http:\/\/phonicsplay.edu.vn\/en\/wp-json\/wp\/v2\/pages\/21\/revisions"}],"predecessor-version":[{"id":7969,"href":"http:\/\/phonicsplay.edu.vn\/en\/wp-json\/wp\/v2\/pages\/21\/revisions\/7969"}],"wp:attachment":[{"href":"http:\/\/phonicsplay.edu.vn\/en\/wp-json\/wp\/v2\/media?parent=21"}],"curies":[{"name":"wp","href":"https:\/\/api.w.org\/{rel}","templated":true}]}}