{"id":25,"date":"2022-06-28T11:55:44","date_gmt":"2022-06-28T04:55:44","guid":{"rendered":"https:\/\/phonicsplay.edu.vn\/?page_id=25"},"modified":"2024-11-01T11:19:08","modified_gmt":"2024-11-01T04:19:08","slug":"lien-he","status":"publish","type":"page","link":"http:\/\/phonicsplay.edu.vn\/en\/lien-he\/","title":{"rendered":"LI\u00caN H\u1ec6"},"content":{"rendered":"<div data-elementor-type=\"wp-page\" data-elementor-id=\"25\" class=\"elementor elementor-25\" data-elementor-post-type=\"page\">\n\t\t\t\t\t\t<section class=\"elementor-section elementor-top-section elementor-element elementor-element-42decbf elementor-section-full_width elementor-section-height-default elementor-section-height-default\" data-id=\"42decbf\" data-element_type=\"section\">\n\t\t\t\t\t\t<div class=\"elementor-container elementor-column-gap-default\">\n\t\t\t\t\t<div class=\"elementor-column elementor-col-100 elementor-top-column elementor-element elementor-element-95a7898\" data-id=\"95a7898\" data-element_type=\"column\">\n\t\t\t<div class=\"elementor-widget-wrap elementor-element-populated\">\n\t\t\t\t\t\t<div class=\"elementor-element elementor-element-9f1b3bf elementor--h-position-center elementor--v-position-middle elementor-arrows-position-inside elementor-pagination-position-inside elementor-widget elementor-widget-slides\" data-id=\"9f1b3bf\" data-element_type=\"widget\" data-settings=\"{&quot;navigation&quot;:&quot;both&quot;,&quot;autoplay&quot;:&quot;yes&quot;,&quot;pause_on_hover&quot;:&quot;yes&quot;,&quot;pause_on_interaction&quot;:&quot;yes&quot;,&quot;autoplay_speed&quot;:5000,&quot;infinite&quot;:&quot;yes&quot;,&quot;transition&quot;:&quot;slide&quot;,&quot;transition_speed&quot;:500}\" data-widget_type=\"slides.default\">\n\t\t\t\t<div class=\"elementor-widget-container\">\n\t\t\t\t\t<div class=\"elementor-swiper\">\n\t\t\t<div class=\"elementor-slides-wrapper elementor-main-swiper swiper\" dir=\"ltr\" data-animation=\"fadeInUp\">\n\t\t\t\t<div class=\"swiper-wrapper elementor-slides\">\n\t\t\t\t\t\t\t\t\t\t<div class=\"elementor-repeater-item-80be5f6 swiper-slide\"><div class=\"swiper-slide-bg\" role=\"img\"><\/div><div class=\"swiper-slide-inner\" ><div class=\"swiper-slide-contents\"><\/div><\/div><\/div>\t\t\t\t<\/div>\n\t\t\t\t\t\t\t<\/div>\n\t\t<\/div>\n\t\t\t\t<\/div>\n\t\t\t\t<\/div>\n\t\t\t\t<div class=\"elementor-element elementor-element-91c8c66 elementor-widget elementor-widget-heading\" data-id=\"91c8c66\" data-element_type=\"widget\" data-widget_type=\"heading.default\">\n\t\t\t\t<div class=\"elementor-widget-container\">\n\t\t\t<h1 class=\"elementor-heading-title elementor-size-default\">\u0110\u0102NG K\u00dd T\u01af V\u1ea4N<\/h1>\t\t<\/div>\n\t\t\t\t<\/div>\n\t\t\t\t<div class=\"elementor-element elementor-element-0206296 elementor-widget elementor-widget-text-editor\" data-id=\"0206296\" data-element_type=\"widget\" data-widget_type=\"text-editor.default\">\n\t\t\t\t<div class=\"elementor-widget-container\">\n\t\t\t\t\t\t\t<p><span style=\"color: #2bbc85;\"><a style=\"color: #2bbc85;\" href=\"https:\/\/www.facebook.com\/phonicsplayenglishhaiphong\" target=\"_blank\" rel=\"noopener\">PhonicsPlay<\/a><\/span> ch\u00e0o \u0111\u00f3n t\u1ea5t c\u1ea3 c\u00e1c b\u1ea1n h\u1ecdc sinh t\u1edbi tr\u1ea3i nghi\u1ec7m s\u1ef1 kh\u00e1c bi\u1ec7t MI\u1ec4N PH\u00cd.<\/p><p><span style=\"color: #2bbc85;\">*&nbsp;<\/span>\u0110\u0103ng k\u00fd ki\u1ec3m tra tr\u00ecnh \u0111\u1ed9 ti\u1ebfng Anh MI\u1ec4N PH\u00cd v\u1edbi \u0111\u1ed9i ng\u0169 gi\u00e1o vi\u00ean gi\u00e0u kinh nghi\u1ec7m c\u1ee7a PhonicsPlay ngay h\u00f4m nay \u0111\u1ec3 \u0111\u1ea3m b\u1ea3o m\u1ed9t l\u1ed9 tr\u00ecnh t\u1ed1t nh\u1ea5t, t\u1ed1i \u0111a ho\u00e1 ti\u1ec1m n\u0103ng c\u1ee7a b\u1ea1n.<\/p>\t\t\t\t\t\t<\/div>\n\t\t\t\t<\/div>\n\t\t\t\t<div class=\"elementor-element elementor-element-2c10c3c elementor-widget__width-initial elementor-widget elementor-widget-text-editor\" data-id=\"2c10c3c\" data-element_type=\"widget\" data-widget_type=\"text-editor.default\">\n\t\t\t\t<div class=\"elementor-widget-container\">\n\t\t\t\t\t\t\t<p><span style=\"font-style: inherit; font-weight: inherit;\"><span style=\"color: #2bbc85;\">*&nbsp;<\/span>Ch\u01b0\u01a1ng tr\u00ecnh n\u00e0y d\u00e0nh cho t\u1ea5t c\u1ea3 h\u1ecdc sinh m\u1edbi bao g\u1ed3m cu\u1ed9c h\u1eb9n ki\u1ec3m tra tr\u00ecnh \u0111\u1ed9 ti\u1ebfng Anh v\u00e0 bu\u1ed5i h\u1ecdc th\u1eed MI\u1ec4N PH\u00cd.<\/span><\/p>\t\t\t\t\t\t<\/div>\n\t\t\t\t<\/div>\n\t\t\t\t<div class=\"elementor-element elementor-element-1d0c67f elementor-widget elementor-widget-spacer\" data-id=\"1d0c67f\" data-element_type=\"widget\" data-widget_type=\"spacer.default\">\n\t\t\t\t<div class=\"elementor-widget-container\">\n\t\t\t\t\t<div class=\"elementor-spacer\">\n\t\t\t<div class=\"elementor-spacer-inner\"><\/div>\n\t\t<\/div>\n\t\t\t\t<\/div>\n\t\t\t\t<\/div>\n\t\t\t\t<div class=\"elementor-element elementor-element-eb36b12 eael-contact-form-7-button-align-left eael-contact-form-7-button-custom elementor-widget elementor-widget-eael-contact-form-7\" data-id=\"eb36b12\" data-element_type=\"widget\" data-widget_type=\"eael-contact-form-7.default\">\n\t\t\t\t<div class=\"elementor-widget-container\">\n\t\t\t<div class=\"eael-contact-form-7-wrapper\">\n                <div class=\"eael-contact-form eael-contact-form-7 eael-contact-form-eb36b12 placeholder-show eael-contact-form-align-default\">\n<div class=\"wpcf7 no-js\" id=\"wpcf7-f7257-o1\" lang=\"en-US\" dir=\"ltr\">\n<div class=\"screen-reader-response\"><p role=\"status\" aria-live=\"polite\" aria-atomic=\"true\"><\/p> <ul><\/ul><\/div>\n<form action=\"\/en\/wp-json\/wp\/v2\/pages\/25#wpcf7-f7257-o1\" method=\"post\" class=\"wpcf7-form init\" aria-label=\"Contact form\" novalidate=\"novalidate\" data-status=\"init\" data-trp-original-action=\"\/en\/wp-json\/wp\/v2\/pages\/25#wpcf7-f7257-o1\">\n<div style=\"display: none;\">\n<input type=\"hidden\" name=\"_wpcf7\" value=\"7257\" \/>\n<input type=\"hidden\" name=\"_wpcf7_version\" value=\"5.9.8\" \/>\n<input type=\"hidden\" name=\"_wpcf7_locale\" value=\"en_US\" \/>\n<input type=\"hidden\" name=\"_wpcf7_unit_tag\" value=\"wpcf7-f7257-o1\" \/>\n<input type=\"hidden\" name=\"_wpcf7_container_post\" value=\"0\" \/>\n<input type=\"hidden\" name=\"_wpcf7_posted_data_hash\" value=\"\" \/>\n<\/div>\n<p><label> H\u1ecd v\u00e0 t\u00ean <\/label><span class=\"wpcf7-form-control-wrap\" data-name=\"text-hoten\"><input size=\"40\" maxlength=\"400\" class=\"wpcf7-form-control wpcf7-text\" aria-invalid=\"false\" value=\"\" type=\"text\" name=\"text-hoten\" \/><\/span>\n<\/p>\n<p><label> \u0110\u1ecba ch\u1ec9 email * <\/label><span class=\"wpcf7-form-control-wrap\" data-name=\"email-email\"><input size=\"40\" maxlength=\"400\" class=\"wpcf7-form-control wpcf7-email wpcf7-validates-as-required wpcf7-text wpcf7-validates-as-email\" aria-required=\"true\" aria-invalid=\"false\" value=\"\" type=\"email\" name=\"email-email\" \/><\/span>\n<\/p>\n<p><label> S\u1ed1 \u0111i\u1ec7n tho\u1ea1i * <\/label><span class=\"wpcf7-form-control-wrap\" data-name=\"tel-sodienthoai\"><input size=\"40\" maxlength=\"400\" class=\"wpcf7-form-control wpcf7-tel wpcf7-validates-as-required wpcf7-text wpcf7-validates-as-tel\" aria-required=\"true\" aria-invalid=\"false\" value=\"\" type=\"tel\" name=\"tel-sodienthoai\" \/><\/span>\n<\/p>\n<p><label> \u0110\u1ed9 tu\u1ed5i c\u1ee7a con <\/label><span class=\"wpcf7-form-control-wrap\" data-name=\"number-dotuoi\"><input class=\"wpcf7-form-control wpcf7-number wpcf7-validates-as-required wpcf7-validates-as-number\" min=\"3\" max=\"15\" aria-required=\"true\" aria-invalid=\"false\" placeholder=\"3\" value=\"\" type=\"number\" name=\"number-dotuoi\" \/><\/span>\n<\/p>\n<p><label> Y\u00eau c\u1ea7u \u0111\u1eb7c bi\u1ec7t <\/label><span class=\"wpcf7-form-control-wrap\" data-name=\"textarea-yeucaudacbiet\"><textarea cols=\"40\" rows=\"10\" maxlength=\"2000\" class=\"wpcf7-form-control wpcf7-textarea\" aria-invalid=\"false\" name=\"textarea-yeucaudacbiet\"><\/textarea><\/span>\n<\/p>\n<p><input class=\"wpcf7-form-control wpcf7-submit has-spinner\" type=\"submit\" value=\"\u0110\u0103ng k\u00fd ngay\" \/>\n<\/p><div class=\"wpcf7-response-output\" aria-hidden=\"true\"><\/div>\n<input type=\"hidden\" name=\"trp-form-language\" value=\"en\"\/><\/form>\n<\/div>\n<\/div>\n            <\/div>\t\t<\/div>\n\t\t\t\t<\/div>\n\t\t\t\t<div class=\"elementor-element elementor-element-fd722f9 elementor-widget elementor-widget-heading\" data-id=\"fd722f9\" data-element_type=\"widget\" data-widget_type=\"heading.default\">\n\t\t\t\t<div class=\"elementor-widget-container\">\n\t\t\t<h2 class=\"elementor-heading-title elementor-size-default\">FAQ<\/h2>\t\t<\/div>\n\t\t\t\t<\/div>\n\t\t\t\t<div class=\"elementor-element elementor-element-dd3718b elementor-widget elementor-widget-eael-adv-accordion\" data-id=\"dd3718b\" data-element_type=\"widget\" data-widget_type=\"eael-adv-accordion.default\">\n\t\t\t\t<div class=\"elementor-widget-container\">\n\t\t\t        <div class=\"eael-adv-accordion\" id=\"eael-adv-accordion-dd3718b\" data-accordion-id=\"dd3718b\" data-accordion-type=\"accordion\" data-toogle-speed=\"300\">\n    <div class=\"eael-accordion-list\">\n                <div id=\"bn-cung-cp-kho-hc-ting-anh-cho-tr-em-tui-no\" class=\"elementor-tab-title eael-accordion-header\" tabindex=\"0\" data-tab=\"1\" aria-controls=\"elementor-tab-content-2311\"><span class=\"eael-advanced-accordion-icon-closed\"><i aria-hidden=\"true\" class=\"fa-accordion-icon fas fa-plus\"><\/i><\/span><span class=\"eael-advanced-accordion-icon-opened\"><i aria-hidden=\"true\" class=\"fa-accordion-icon fas fa-minus\"><\/i><\/span><h3 class=\"eael-accordion-tab-title\">B\u1ea1n cung c\u1ea5p kho\u00e1 h\u1ecdc ti\u1ebfng anh cho tr\u1ebb em \u1edf \u0111\u1ed9 tu\u1ed5i n\u00e0o?<\/h3><\/div><div id=\"elementor-tab-content-2311\" class=\"eael-accordion-content clearfix\" data-tab=\"1\" aria-labelledby=\"bn-cung-cp-kho-hc-ting-anh-cho-tr-em-tui-no\"><p><p><span style=\"font-weight: 400;\">Kho\u00e1 h\u1ecdc d\u00e0nh cho tr\u1ebb em \u1edf \u0111\u1ed9 tu\u1ed5i t\u1eeb 3 \u0111\u1ebfn 15 tu\u1ed5i<\/span><\/p><\/p><\/div>\n                <\/div><div class=\"eael-accordion-list\">\n                <div id=\"cch-trung-tm-dy-v-v-gip-tr-em-hc-ting-anh-nh-th-no\" class=\"elementor-tab-title eael-accordion-header\" tabindex=\"0\" data-tab=\"2\" aria-controls=\"elementor-tab-content-2312\"><span class=\"eael-advanced-accordion-icon-closed\"><i aria-hidden=\"true\" class=\"fa-accordion-icon fas fa-plus\"><\/i><\/span><span class=\"eael-advanced-accordion-icon-opened\"><i aria-hidden=\"true\" class=\"fa-accordion-icon fas fa-minus\"><\/i><\/span><h3 class=\"eael-accordion-tab-title\">C\u00e1ch trung t\u00e2m d\u1ea1y v\u00e0 v\u00e0 gi\u00fap tr\u1ebb em h\u1ecdc ti\u1ebfng anh nh\u01b0 th\u1ebf n\u00e0o?<\/h3><\/div><div id=\"elementor-tab-content-2312\" class=\"eael-accordion-content clearfix\" data-tab=\"2\" aria-labelledby=\"cch-trung-tm-dy-v-v-gip-tr-em-hc-ting-anh-nh-th-no\"><p><p><span style=\"font-weight: 400;\">Trung t\u00e2m s\u1eed d\u1ee5ng ph\u01b0\u01a1ng ph\u00e1p \u0111a gi\u00e1c quan gi\u00fap tr\u1ebb em ti\u1ebfp c\u1eadn v\u00e0 h\u1ecdc ti\u1ebfng anh m\u1ed9t c\u00e1ch t\u1ef1 nhi\u00ean nh\u1ea5t<\/span><\/p><\/p><\/div>\n                <\/div><div class=\"eael-accordion-list\">\n                <div id=\"khi-no-con-ti-c-th-bt-u-kho-hc\" class=\"elementor-tab-title eael-accordion-header\" tabindex=\"0\" data-tab=\"3\" aria-controls=\"elementor-tab-content-2313\"><span class=\"eael-advanced-accordion-icon-closed\"><i aria-hidden=\"true\" class=\"fa-accordion-icon fas fa-plus\"><\/i><\/span><span class=\"eael-advanced-accordion-icon-opened\"><i aria-hidden=\"true\" class=\"fa-accordion-icon fas fa-minus\"><\/i><\/span><h3 class=\"eael-accordion-tab-title\">Khi n\u00e0o con t\u00f4i c\u00f3 th\u1ec3 b\u1eaft \u0111\u1ea7u kho\u00e1 h\u1ecdc?<\/h3><\/div><div id=\"elementor-tab-content-2313\" class=\"eael-accordion-content clearfix\" data-tab=\"3\" aria-labelledby=\"khi-no-con-ti-c-th-bt-u-kho-hc\"><p><p><span style=\"font-weight: 400;\">Sau khi ho\u00e0n th\u00e0nh b\u00e0i test \u0111\u1ea7u v\u00e0o t\u1ea1i trung t\u00e2m, con b\u1ea1n s\u1ebd \u0111\u01b0\u1ee3c x\u1ebfp l\u1edbp ph\u00f9 h\u1ee3p v\u1edbi tr\u00ecnh \u0111\u1ed9 v\u00e0 trung t\u00e2m s\u1ebd th\u00f4ng b\u00e1o l\u1ecbch h\u1ecdc c\u1ee5 th\u1ec3<\/span><\/p><\/p><\/div>\n                <\/div><div class=\"eael-accordion-list\">\n                <div id=\"trung-tm-nm-u\" class=\"elementor-tab-title eael-accordion-header\" tabindex=\"0\" data-tab=\"4\" aria-controls=\"elementor-tab-content-2314\"><span class=\"eael-advanced-accordion-icon-closed\"><i aria-hidden=\"true\" class=\"fa-accordion-icon fas fa-plus\"><\/i><\/span><span class=\"eael-advanced-accordion-icon-opened\"><i aria-hidden=\"true\" class=\"fa-accordion-icon fas fa-minus\"><\/i><\/span><h3 class=\"eael-accordion-tab-title\">Trung t\u00e2m n\u1eb1m \u1edf \u0111\u00e2u?<\/h3><\/div><div id=\"elementor-tab-content-2314\" class=\"eael-accordion-content clearfix\" data-tab=\"4\" aria-labelledby=\"trung-tm-nm-u\"><p><p><span style=\"font-weight: 400;\">Trung t\u00e2m \u0111\u01b0\u1ee3c \u0111\u1eb7t t\u1ea1i LK1-46 Pruska Town Ho\u00e0ng Huy, An \u0110\u1ed3ng, An D\u01b0\u01a1ng, H\u1ea3i Ph\u00f2ng, Vi\u1ec7t Nam<\/span><\/p><\/p><\/div>\n                <\/div><\/div>\t\t<\/div>\n\t\t\t\t<\/div>\n\t\t\t\t\t<\/div>\n\t\t<\/div>\n\t\t\t\t\t<\/div>\n\t\t<\/section>\n\t\t\t\t<section class=\"elementor-section elementor-top-section elementor-element elementor-element-9de8b1f elementor-section-boxed elementor-section-height-default elementor-section-height-default\" data-id=\"9de8b1f\" data-element_type=\"section\">\n\t\t\t\t\t\t<div class=\"elementor-container elementor-column-gap-default\">\n\t\t\t\t\t<div class=\"elementor-column elementor-col-100 elementor-top-column elementor-element elementor-element-cea9a87\" data-id=\"cea9a87\" data-element_type=\"column\">\n\t\t\t<div class=\"elementor-widget-wrap\">\n\t\t\t\t\t\t\t<\/div>\n\t\t<\/div>\n\t\t\t\t\t<\/div>\n\t\t<\/section>\n\t\t\t\t<\/div>","protected":false},"excerpt":{"rendered":"<p>\u0110\u0102NG K\u00dd T\u01af V\u1ea4N PhonicsPlay ch\u00e0o \u0111\u00f3n t\u1ea5t c\u1ea3 c\u00e1c b\u1ea1n h\u1ecdc sinh t\u1edbi tr\u1ea3i nghi\u1ec7m s\u1ef1 kh\u00e1c bi\u1ec7t MI\u1ec4N PH\u00cd. *&nbsp;\u0110\u0103ng k\u00fd ki\u1ec3m tra tr\u00ecnh \u0111\u1ed9 ti\u1ebfng Anh MI\u1ec4N PH\u00cd v\u1edbi \u0111\u1ed9i ng\u0169 gi\u00e1o vi\u00ean gi\u00e0u kinh nghi\u1ec7m c\u1ee7a PhonicsPlay ngay h\u00f4m nay \u0111\u1ec3 \u0111\u1ea3m b\u1ea3o m\u1ed9t l\u1ed9 tr\u00ecnh t\u1ed1t nh\u1ea5t, t\u1ed1i \u0111a ho\u00e1 [&hellip;]<\/p>","protected":false},"author":2,"featured_media":0,"parent":0,"menu_order":0,"comment_status":"closed","ping_status":"closed","template":"elementor_header_footer","meta":{"_eb_attr":"","om_disable_all_campaigns":false,"_monsterinsights_skip_tracking":false,"_monsterinsights_sitenote_active":false,"_monsterinsights_sitenote_note":"","_monsterinsights_sitenote_category":0,"footnotes":""},"class_list":["post-25","page","type-page","status-publish","hentry"],"yoast_head":"<!-- This site is optimized with the Yoast SEO plugin v21.5 - https:\/\/yoast.com\/wordpress\/plugins\/seo\/ -->\n<title>LI\u00caN H\u1ec6 - Phonicsplay English Center<\/title>\n<meta name=\"description\" content=\"Th\u00f4ng tin li\u00ean h\u1ec7 Phonicsplay - Trung t\u00e2m ti\u1ebfng Anh cam k\u1ebft ch\u1ea5t l\u01b0\u1ee3ng chu\u1ea9n Qu\u1ed1c t\u1ebf - M\u00f4i tr\u01b0\u1eddng h\u1ecdc t\u1eadp th\u00fa v\u1ecb c\u00f9ng nhi\u1ec1u ho\u1ea1t \u0111\u1ed9ng h\u1ea5p d\u1eabn\" \/>\n<meta name=\"robots\" content=\"index, follow, max-snippet:-1, max-image-preview:large, max-video-preview:-1\" \/>\n<link rel=\"canonical\" href=\"http:\/\/phonicsplay.edu.vn\/en\/lien-he\/\" \/>\n<meta property=\"og:locale\" content=\"en_US\" \/>\n<meta property=\"og:type\" content=\"article\" \/>\n<meta property=\"og:title\" content=\"LI\u00caN H\u1ec6 - Phonicsplay English Center\" \/>\n<meta property=\"og:description\" content=\"Th\u00f4ng tin li\u00ean h\u1ec7 Phonicsplay - Trung t\u00e2m ti\u1ebfng Anh cam k\u1ebft ch\u1ea5t l\u01b0\u1ee3ng chu\u1ea9n Qu\u1ed1c t\u1ebf - M\u00f4i tr\u01b0\u1eddng h\u1ecdc t\u1eadp th\u00fa v\u1ecb c\u00f9ng nhi\u1ec1u ho\u1ea1t \u0111\u1ed9ng h\u1ea5p d\u1eabn\" \/>\n<meta property=\"og:url\" content=\"http:\/\/phonicsplay.edu.vn\/en\/lien-he\/\" \/>\n<meta property=\"og:site_name\" content=\"Phonicsplay English Center\" \/>\n<meta property=\"article:publisher\" content=\"https:\/\/www.facebook.com\/trungtamanhnguphonicsplay\" \/>\n<meta property=\"article:modified_time\" content=\"2024-11-01T04:19:08+00:00\" \/>\n<meta name=\"twitter:card\" content=\"summary_large_image\" \/>\n<meta name=\"twitter:label1\" content=\"Est. reading time\" \/>\n\t<meta name=\"twitter:data1\" content=\"2 minutes\" \/>\n<script type=\"application\/ld+json\" class=\"yoast-schema-graph\">{\"@context\":\"https:\/\/schema.org\",\"@graph\":[{\"@type\":\"WebPage\",\"@id\":\"http:\/\/phonicsplay.edu.vn\/en\/lien-he\/\",\"url\":\"http:\/\/phonicsplay.edu.vn\/en\/lien-he\/\",\"name\":\"LI\u00caN H\u1ec6 - Phonicsplay English Center\",\"isPartOf\":{\"@id\":\"https:\/\/phonicsplay.edu.vn\/#website\"},\"datePublished\":\"2022-06-28T04:55:44+00:00\",\"dateModified\":\"2024-11-01T04:19:08+00:00\",\"description\":\"Th\u00f4ng tin li\u00ean h\u1ec7 Phonicsplay - Trung t\u00e2m ti\u1ebfng Anh cam k\u1ebft ch\u1ea5t l\u01b0\u1ee3ng chu\u1ea9n Qu\u1ed1c t\u1ebf - M\u00f4i tr\u01b0\u1eddng h\u1ecdc t\u1eadp th\u00fa v\u1ecb c\u00f9ng nhi\u1ec1u ho\u1ea1t \u0111\u1ed9ng h\u1ea5p d\u1eabn\",\"breadcrumb\":{\"@id\":\"http:\/\/phonicsplay.edu.vn\/en\/lien-he\/#breadcrumb\"},\"inLanguage\":\"en-US\",\"potentialAction\":[{\"@type\":\"ReadAction\",\"target\":[\"http:\/\/phonicsplay.edu.vn\/en\/lien-he\/\"]}]},{\"@type\":\"BreadcrumbList\",\"@id\":\"http:\/\/phonicsplay.edu.vn\/en\/lien-he\/#breadcrumb\",\"itemListElement\":[{\"@type\":\"ListItem\",\"position\":1,\"name\":\"Trang ch\u1ee7\",\"item\":\"https:\/\/phonicsplay.edu.vn\/\"},{\"@type\":\"ListItem\",\"position\":2,\"name\":\"LI\u00caN H\u1ec6\"}]},{\"@type\":\"WebSite\",\"@id\":\"https:\/\/phonicsplay.edu.vn\/#website\",\"url\":\"https:\/\/phonicsplay.edu.vn\/\",\"name\":\"Phonicsplay English Center\",\"description\":\"Where Learning English Is The Same As Vietnamese\",\"publisher\":{\"@id\":\"https:\/\/phonicsplay.edu.vn\/#organization\"},\"potentialAction\":[{\"@type\":\"SearchAction\",\"target\":{\"@type\":\"EntryPoint\",\"urlTemplate\":\"https:\/\/phonicsplay.edu.vn\/?s={search_term_string}\"},\"query-input\":\"required name=search_term_string\"}],\"inLanguage\":\"en-US\"},{\"@type\":\"Organization\",\"@id\":\"https:\/\/phonicsplay.edu.vn\/#organization\",\"name\":\"Phonicsplay English Center\",\"url\":\"https:\/\/phonicsplay.edu.vn\/\",\"logo\":{\"@type\":\"ImageObject\",\"inLanguage\":\"en-US\",\"@id\":\"https:\/\/phonicsplay.edu.vn\/#\/schema\/logo\/image\/\",\"url\":\"http:\/\/phonicsplay.edu.vn\/wp-content\/uploads\/2022\/06\/Logo-jolly-phonic-final-02.png\",\"contentUrl\":\"http:\/\/phonicsplay.edu.vn\/wp-content\/uploads\/2022\/06\/Logo-jolly-phonic-final-02.png\",\"width\":1920,\"height\":1920,\"caption\":\"Phonicsplay English Center\"},\"image\":{\"@id\":\"https:\/\/phonicsplay.edu.vn\/#\/schema\/logo\/image\/\"},\"sameAs\":[\"https:\/\/www.facebook.com\/trungtamanhnguphonicsplay\",\"https:\/\/www.instagram.com\/phonicsplayenglish\/\",\"https:\/\/www.tiktok.com\/@phonicsplay\",\"https:\/\/www.youtube.com\/@phonicsplayenglish\",\"https:\/\/phonicsplay.kiddihub.com\/\"]}]}<\/script>\n<!-- \/ Yoast SEO plugin. -->","yoast_head_json":{"title":"LI\u00caN H\u1ec6 - Phonicsplay English Center","description":"Th\u00f4ng tin li\u00ean h\u1ec7 Phonicsplay - Trung t\u00e2m ti\u1ebfng Anh cam k\u1ebft ch\u1ea5t l\u01b0\u1ee3ng chu\u1ea9n Qu\u1ed1c t\u1ebf - M\u00f4i tr\u01b0\u1eddng h\u1ecdc t\u1eadp th\u00fa v\u1ecb c\u00f9ng nhi\u1ec1u ho\u1ea1t \u0111\u1ed9ng h\u1ea5p d\u1eabn","robots":{"index":"index","follow":"follow","max-snippet":"max-snippet:-1","max-image-preview":"max-image-preview:large","max-video-preview":"max-video-preview:-1"},"canonical":"http:\/\/phonicsplay.edu.vn\/en\/lien-he\/","og_locale":"en_US","og_type":"article","og_title":"LI\u00caN H\u1ec6 - Phonicsplay English Center","og_description":"Th\u00f4ng tin li\u00ean h\u1ec7 Phonicsplay - Trung t\u00e2m ti\u1ebfng Anh cam k\u1ebft ch\u1ea5t l\u01b0\u1ee3ng chu\u1ea9n Qu\u1ed1c t\u1ebf - M\u00f4i tr\u01b0\u1eddng h\u1ecdc t\u1eadp th\u00fa v\u1ecb c\u00f9ng nhi\u1ec1u ho\u1ea1t \u0111\u1ed9ng h\u1ea5p d\u1eabn","og_url":"http:\/\/phonicsplay.edu.vn\/en\/lien-he\/","og_site_name":"Phonicsplay English Center","article_publisher":"https:\/\/www.facebook.com\/trungtamanhnguphonicsplay","article_modified_time":"2024-11-01T04:19:08+00:00","twitter_card":"summary_large_image","twitter_misc":{"Est. reading time":"2 minutes"},"schema":{"@context":"https:\/\/schema.org","@graph":[{"@type":"WebPage","@id":"http:\/\/phonicsplay.edu.vn\/en\/lien-he\/","url":"http:\/\/phonicsplay.edu.vn\/en\/lien-he\/","name":"LI\u00caN H\u1ec6 - Phonicsplay English Center","isPartOf":{"@id":"https:\/\/phonicsplay.edu.vn\/#website"},"datePublished":"2022-06-28T04:55:44+00:00","dateModified":"2024-11-01T04:19:08+00:00","description":"Th\u00f4ng tin li\u00ean h\u1ec7 Phonicsplay - Trung t\u00e2m ti\u1ebfng Anh cam k\u1ebft ch\u1ea5t l\u01b0\u1ee3ng chu\u1ea9n Qu\u1ed1c t\u1ebf - M\u00f4i tr\u01b0\u1eddng h\u1ecdc t\u1eadp th\u00fa v\u1ecb c\u00f9ng nhi\u1ec1u ho\u1ea1t \u0111\u1ed9ng h\u1ea5p d\u1eabn","breadcrumb":{"@id":"http:\/\/phonicsplay.edu.vn\/en\/lien-he\/#breadcrumb"},"inLanguage":"en-US","potentialAction":[{"@type":"ReadAction","target":["http:\/\/phonicsplay.edu.vn\/en\/lien-he\/"]}]},{"@type":"BreadcrumbList","@id":"http:\/\/phonicsplay.edu.vn\/en\/lien-he\/#breadcrumb","itemListElement":[{"@type":"ListItem","position":1,"name":"Trang ch\u1ee7","item":"https:\/\/phonicsplay.edu.vn\/"},{"@type":"ListItem","position":2,"name":"LI\u00caN H\u1ec6"}]},{"@type":"WebSite","@id":"https:\/\/phonicsplay.edu.vn\/#website","url":"https:\/\/phonicsplay.edu.vn\/","name":"Phonicsplay English Center","description":"Where Learning English Is The Same As Vietnamese","publisher":{"@id":"https:\/\/phonicsplay.edu.vn\/#organization"},"potentialAction":[{"@type":"SearchAction","target":{"@type":"EntryPoint","urlTemplate":"https:\/\/phonicsplay.edu.vn\/?s={search_term_string}"},"query-input":"required name=search_term_string"}],"inLanguage":"en-US"},{"@type":"Organization","@id":"https:\/\/phonicsplay.edu.vn\/#organization","name":"Phonicsplay English Center","url":"https:\/\/phonicsplay.edu.vn\/","logo":{"@type":"ImageObject","inLanguage":"en-US","@id":"https:\/\/phonicsplay.edu.vn\/#\/schema\/logo\/image\/","url":"http:\/\/phonicsplay.edu.vn\/wp-content\/uploads\/2022\/06\/Logo-jolly-phonic-final-02.png","contentUrl":"http:\/\/phonicsplay.edu.vn\/wp-content\/uploads\/2022\/06\/Logo-jolly-phonic-final-02.png","width":1920,"height":1920,"caption":"Phonicsplay English Center"},"image":{"@id":"https:\/\/phonicsplay.edu.vn\/#\/schema\/logo\/image\/"},"sameAs":["https:\/\/www.facebook.com\/trungtamanhnguphonicsplay","https:\/\/www.instagram.com\/phonicsplayenglish\/","https:\/\/www.tiktok.com\/@phonicsplay","https:\/\/www.youtube.com\/@phonicsplayenglish","https:\/\/phonicsplay.kiddihub.com\/"]}]}},"_links":{"self":[{"href":"http:\/\/phonicsplay.edu.vn\/en\/wp-json\/wp\/v2\/pages\/25","targetHints":{"allow":["GET"]}}],"collection":[{"href":"http:\/\/phonicsplay.edu.vn\/en\/wp-json\/wp\/v2\/pages"}],"about":[{"href":"http:\/\/phonicsplay.edu.vn\/en\/wp-json\/wp\/v2\/types\/page"}],"author":[{"embeddable":true,"href":"http:\/\/phonicsplay.edu.vn\/en\/wp-json\/wp\/v2\/users\/2"}],"replies":[{"embeddable":true,"href":"http:\/\/phonicsplay.edu.vn\/en\/wp-json\/wp\/v2\/comments?post=25"}],"version-history":[{"count":610,"href":"http:\/\/phonicsplay.edu.vn\/en\/wp-json\/wp\/v2\/pages\/25\/revisions"}],"predecessor-version":[{"id":7739,"href":"http:\/\/phonicsplay.edu.vn\/en\/wp-json\/wp\/v2\/pages\/25\/revisions\/7739"}],"wp:attachment":[{"href":"http:\/\/phonicsplay.edu.vn\/en\/wp-json\/wp\/v2\/media?parent=25"}],"curies":[{"name":"wp","href":"https:\/\/api.w.org\/{rel}","templated":true}]}}