{"id":3371,"date":"2023-02-23T23:31:48","date_gmt":"2023-02-23T16:31:48","guid":{"rendered":"http:\/\/phonicsplay.edu.vn\/?page_id=3371"},"modified":"2024-10-28T10:49:26","modified_gmt":"2024-10-28T03:49:26","slug":"tin-tuc-3","status":"publish","type":"page","link":"http:\/\/phonicsplay.edu.vn\/en\/tin-tuc-3\/","title":{"rendered":"TIN T\u1ee8C 1"},"content":{"rendered":"<div data-elementor-type=\"wp-page\" data-elementor-id=\"3371\" class=\"elementor elementor-3371\" data-elementor-post-type=\"page\">\n\t\t\t\t\t\t<section class=\"elementor-section elementor-top-section elementor-element elementor-element-30940102 elementor-section-boxed elementor-section-height-default elementor-section-height-default\" data-id=\"30940102\" data-element_type=\"section\">\n\t\t\t\t\t\t<div class=\"elementor-container elementor-column-gap-default\">\n\t\t\t\t\t<div class=\"elementor-column elementor-col-100 elementor-top-column elementor-element elementor-element-3fd1be9b\" data-id=\"3fd1be9b\" data-element_type=\"column\" data-settings=\"{&quot;background_background&quot;:&quot;classic&quot;}\">\n\t\t\t<div class=\"elementor-widget-wrap elementor-element-populated\">\n\t\t\t\t\t\t<div class=\"elementor-element elementor-element-43684d39 elementor-grid-eael-col-1 elementor-grid-tablet-eael-col-3 elementor-widget__width-inherit elementor-grid-mobile-eael-col-1 elementor-widget elementor-widget-eael-post-grid\" data-id=\"43684d39\" data-element_type=\"widget\" data-settings=\"{&quot;eael_post_grid_columns&quot;:&quot;eael-col-1&quot;,&quot;eael_post_grid_columns_tablet&quot;:&quot;eael-col-3&quot;,&quot;eael_post_grid_columns_mobile&quot;:&quot;eael-col-1&quot;}\" data-widget_type=\"eael-post-grid.default\">\n\t\t\t\t<div class=\"elementor-widget-container\">\n\t\t\t<div id=\"eael-post-grid-43684d39\" class=\"eael-post-grid-container\">\n            <div class=\"eael-post-grid eael-post-appender eael-post-appender-43684d39 eael-post-grid-style-two\" data-layout-mode=\"grid\"><article class=\"eael-grid-post eael-post-grid-column\" data-id=\"7950\">\n        <div class=\"eael-grid-post-holder\">\n            <div class=\"eael-grid-post-holder-inner\"><div class=\"eael-entry-wrapper\"><header class=\"eael-entry-header\"><h1 class=\"eael-entry-title\"><a\n                                    class=\"eael-grid-post-link\"\n                                    href=\"http:\/\/phonicsplay.edu.vn\/en\/jolly-phonics-giup-tre-lam-chu-tieng-anh-tu-som\/\"\n                                    title=\"Kh\u00e1m Ph\u00e1 K\u1ef9 N\u0103ng C\u1ee7a Jolly Phonics Gi\u00fap Tr\u1ebb L\u00e0m Ch\u1ee7 Ti\u1ebfng Anh T\u1eeb S\u1edbm\">Kh\u00e1m Ph\u00e1 K\u1ef9 N\u0103ng C\u1ee7a Jolly Phonics Gi\u00fap Tr\u1ebb L\u00e0m Ch\u1ee7 Ti\u1ebfng Anh T\u1eeb S\u1edbm<\/a><\/h1><\/header><div class=\"eael-entry-header-after style-two\"><div class=\"eael-entry-meta\"><span class=\"eael-posted-on eael-meta-posted-on\"><i class=\"far fa-clock\"><\/i><time datetime=\"03\/09\/2025\">03\/09\/2025<\/time><\/span><\/div><\/div><div class=\"eael-entry-content\">\n                                    <div class=\"eael-grid-post-excerpt\"><p>Kh\u00e1m Ph\u00e1 K\u1ef9 N\u0103ng C\u1ee7a Jolly Phonics Gi\u00fap Tr\u1ebb L\u00e0m Ch\u1ee7 Ti\u1ebfng Anh T\u1eeb S\u1edbm Gi\u1edbi thi\u1ec7u v\u1ec1 Jolly Phonics JollyPhonics l\u00e0 m\u1ed9t ch\u01b0\u01a1ng tr\u00ecnh d\u1ea1y v\u00e0 h\u1ecdc ti\u1ebfng Anh...<\/p><a\n                                        href=\"http:\/\/phonicsplay.edu.vn\/en\/jolly-phonics-giup-tre-lam-chu-tieng-anh-tu-som\/\"\n                                        class=\"eael-post-elements-readmore-btn\">\u0110\u1ecdc th\u00eam<\/a><\/div>\n                                <\/div><\/div><\/div>\n        <\/div>\n    <\/article><article class=\"eael-grid-post eael-post-grid-column\" data-id=\"7887\">\n        <div class=\"eael-grid-post-holder\">\n            <div class=\"eael-grid-post-holder-inner\"><div class=\"eael-entry-wrapper\"><header class=\"eael-entry-header\"><h1 class=\"eael-entry-title\"><a\n                                    class=\"eael-grid-post-link\"\n                                    href=\"http:\/\/phonicsplay.edu.vn\/en\/summercamp-unlockpotential-phonicsplay\/\"\n                                    title=\"NH\u00ccN L\u1ea0I TR\u1ea0I H\u00c8 &#8211; M\u1ede KHO\u00c1 TI\u1ec0M N\u0102NG C\u00d9NG PHONICSPLAY\">NH\u00ccN L\u1ea0I TR\u1ea0I H\u00c8 &#8211; M\u1ede KHO\u00c1 TI\u1ec0M N\u0102NG C\u00d9NG PHONICSPLAY<\/a><\/h1><\/header><div class=\"eael-entry-header-after style-two\"><div class=\"eael-entry-meta\"><span class=\"eael-posted-on eael-meta-posted-on\"><i class=\"far fa-clock\"><\/i><time datetime=\"29\/07\/2025\">29\/07\/2025<\/time><\/span><\/div><\/div><div class=\"eael-entry-content\">\n                                    <div class=\"eael-grid-post-excerpt\"><p>Summer Camp &#8211; Unlock Potential: Nh\u00ecn L\u1ea1i M\u1ed9t M\u00f9a H\u00e8 \u0110\u00e1ng Nh\u1edb T\u1ea1i PhonicsPlay M\u00f9a h\u00e8 v\u1eeba qua, PhonicsPlay \u0111\u00e3 mang \u0111\u1ebfn m\u1ed9t h\u00e0nh tr\u00ecnh \u0111\u1eb7c bi\u1ec7t d\u00e0nh cho c\u00e1c...<\/p><a\n                                        href=\"http:\/\/phonicsplay.edu.vn\/en\/summercamp-unlockpotential-phonicsplay\/\"\n                                        class=\"eael-post-elements-readmore-btn\">\u0110\u1ecdc th\u00eam<\/a><\/div>\n                                <\/div><\/div><\/div>\n        <\/div>\n    <\/article><article class=\"eael-grid-post eael-post-grid-column\" data-id=\"7859\">\n        <div class=\"eael-grid-post-holder\">\n            <div class=\"eael-grid-post-holder-inner\"><div class=\"eael-entry-wrapper\"><header class=\"eael-entry-header\"><h1 class=\"eael-entry-title\"><a\n                                    class=\"eael-grid-post-link\"\n                                    href=\"http:\/\/phonicsplay.edu.vn\/en\/kham-pha-le-phuc-sinh-sac-mau\/\"\n                                    title=\"KH\u00c1M PH\u00c1  L\u1ec4 PH\u1ee4C SINH \u0110\u1ea6Y M\u00c0U S\u1eaeC T\u1ea0I PHONICSPLAY\">KH\u00c1M PH\u00c1  L\u1ec4 PH\u1ee4C SINH \u0110\u1ea6Y M\u00c0U S\u1eaeC T\u1ea0I PHONICSPLAY<\/a><\/h1><\/header><div class=\"eael-entry-header-after style-two\"><div class=\"eael-entry-meta\"><span class=\"eael-posted-on eael-meta-posted-on\"><i class=\"far fa-clock\"><\/i><time datetime=\"21\/04\/2025\">21\/04\/2025<\/time><\/span><\/div><\/div><div class=\"eael-entry-content\">\n                                    <div class=\"eael-grid-post-excerpt\"><p>KH\u00c1M PH\u00c1 NG\u00c0Y L\u1ec4 PH\u1ee4C SINH \u0110\u1ea6Y M\u00c0U S\u1eaeC C\u00d9NG PHONICSPLAY Ng\u00e0y L\u1ec5 Ph\u1ee5c Sinh (Easter Day) v\u1eeba qua t\u1ea1i Phonics Play \u0111\u00e3 tr\u1edf th\u00e0nh m\u1ed9t s\u1ef1 ki\u1ec7n \u00fd ngh\u0129a,...<\/p><a\n                                        href=\"http:\/\/phonicsplay.edu.vn\/en\/kham-pha-le-phuc-sinh-sac-mau\/\"\n                                        class=\"eael-post-elements-readmore-btn\">\u0110\u1ecdc th\u00eam<\/a><\/div>\n                                <\/div><\/div><\/div>\n        <\/div>\n    <\/article><article class=\"eael-grid-post eael-post-grid-column\" data-id=\"7818\">\n        <div class=\"eael-grid-post-holder\">\n            <div class=\"eael-grid-post-holder-inner\"><div class=\"eael-entry-wrapper\"><header class=\"eael-entry-header\"><h1 class=\"eael-entry-title\"><a\n                                    class=\"eael-grid-post-link\"\n                                    href=\"http:\/\/phonicsplay.edu.vn\/en\/khai-truong-phonicsplay-thai-binh\/\"\n                                    title=\"KHAI TR\u01af\u01a0NG TRUNG T\u00c2M ANH NG\u1eee PHONICSPLAY C\u01a0 S\u1ede TH\u00c1I B\u00ccNH\">KHAI TR\u01af\u01a0NG TRUNG T\u00c2M ANH NG\u1eee PHONICSPLAY C\u01a0 S\u1ede TH\u00c1I B\u00ccNH<\/a><\/h1><\/header><div class=\"eael-entry-header-after style-two\"><div class=\"eael-entry-meta\"><span class=\"eael-posted-on eael-meta-posted-on\"><i class=\"far fa-clock\"><\/i><time datetime=\"22\/01\/2025\">22\/01\/2025<\/time><\/span><\/div><\/div><div class=\"eael-entry-content\">\n                                    <div class=\"eael-grid-post-excerpt\"><p>PHONICSPLAY ENGLISH T\u01afNG B\u1eeaNG KHAI TR\u01af\u01a0NG CHI NH\u00c1NH QU\u1ef2NH PH\u1ee4 &#8211; TH\u00c1I B\u00ccNH! Ng\u00e0y 4\/1\/2025 v\u1eeba qua, PhonicsPlay l\u1ea1i ti\u1ebfp t\u1ee5c vui m\u1eebng \u0111\u00e1nh d\u1ea5u th\u00eam m\u1ed9t c\u1ed9t m\u1ed1c tr\u00ean...<\/p><a\n                                        href=\"http:\/\/phonicsplay.edu.vn\/en\/khai-truong-phonicsplay-thai-binh\/\"\n                                        class=\"eael-post-elements-readmore-btn\">\u0110\u1ecdc th\u00eam<\/a><\/div>\n                                <\/div><\/div><\/div>\n        <\/div>\n    <\/article><article class=\"eael-grid-post eael-post-grid-column\" data-id=\"7799\">\n        <div class=\"eael-grid-post-holder\">\n            <div class=\"eael-grid-post-holder-inner\"><div class=\"eael-entry-wrapper\"><header class=\"eael-entry-header\"><h1 class=\"eael-entry-title\"><a\n                                    class=\"eael-grid-post-link\"\n                                    href=\"http:\/\/phonicsplay.edu.vn\/en\/giang_sinh_ky_dieu_phonicsplay\/\"\n                                    title=\"\u0110\u00caM GI\u00c1NG SINH K\u1ef2 DI\u1ec6U T\u1ea0I PHONICSPLAY\">\u0110\u00caM GI\u00c1NG SINH K\u1ef2 DI\u1ec6U T\u1ea0I PHONICSPLAY<\/a><\/h1><\/header><div class=\"eael-entry-header-after style-two\"><div class=\"eael-entry-meta\"><span class=\"eael-posted-on eael-meta-posted-on\"><i class=\"far fa-clock\"><\/i><time datetime=\"22\/01\/2025\">22\/01\/2025<\/time><\/span><\/div><\/div><div class=\"eael-entry-content\">\n                                    <div class=\"eael-grid-post-excerpt\"><p>\u0110\u00eam h\u1ed9i gi\u00e1ng sinh r\u1ef1c r\u1ee1 &#8211; v\u00e0 \u0111\u1ea7y ma thu\u1eadt t\u1ea1i phonicsplay Gi\u00e1ng Sinh l\u00e0 d\u1ecbp \u0111\u1ec3 ch\u00fang ta c\u00f9ng nhau chia s\u1ebb nh\u1eefng kho\u1ea3nh kh\u1eafc vui v\u1ebb, \u1ea5m...<\/p><a\n                                        href=\"http:\/\/phonicsplay.edu.vn\/en\/giang_sinh_ky_dieu_phonicsplay\/\"\n                                        class=\"eael-post-elements-readmore-btn\">\u0110\u1ecdc th\u00eam<\/a><\/div>\n                                <\/div><\/div><\/div>\n        <\/div>\n    <\/article><article class=\"eael-grid-post eael-post-grid-column\" data-id=\"7752\">\n        <div class=\"eael-grid-post-holder\">\n            <div class=\"eael-grid-post-holder-inner\"><div class=\"eael-entry-wrapper\"><header class=\"eael-entry-header\"><h1 class=\"eael-entry-title\"><a\n                                    class=\"eael-grid-post-link\"\n                                    href=\"http:\/\/phonicsplay.edu.vn\/en\/le_tot_nghiep_jolly_phonics\/\"\n                                    title=\"L\u1ec5 t\u1ed1t nghi\u1ec7p Jolly Phonics &#8211; M\u1ed9t c\u1ed9t m\u1ed1c \u0111\u00e1ng nh\u1edb\">L\u1ec5 t\u1ed1t nghi\u1ec7p Jolly Phonics &#8211; M\u1ed9t c\u1ed9t m\u1ed1c \u0111\u00e1ng nh\u1edb<\/a><\/h1><\/header><div class=\"eael-entry-header-after style-two\"><div class=\"eael-entry-meta\"><span class=\"eael-posted-on eael-meta-posted-on\"><i class=\"far fa-clock\"><\/i><time datetime=\"02\/11\/2024\">02\/11\/2024<\/time><\/span><\/div><\/div><div class=\"eael-entry-content\">\n                                    <div class=\"eael-grid-post-excerpt\"><p>L\u1ec4 T\u1ed0T NGHI\u1ec6P T\u1ea0I TRUNG T\u00c2M TI\u1ebeNG ANH PHONICSPLAY: M\u1ed8T C\u1ed8T M\u1ed0C \u0110\u00c1NG NH\u1eda L\u1ec5 t\u1ed1t nghi\u1ec7p l\u00e0 m\u1ed9t c\u1ed9t m\u1ed1c quan tr\u1ecdng trong h\u00e0nh tr\u00ecnh h\u1ecdc t\u1eadp c\u1ee7a m\u1ed7i...<\/p><a\n                                        href=\"http:\/\/phonicsplay.edu.vn\/en\/le_tot_nghiep_jolly_phonics\/\"\n                                        class=\"eael-post-elements-readmore-btn\">\u0110\u1ecdc th\u00eam<\/a><\/div>\n                                <\/div><\/div><\/div>\n        <\/div>\n    <\/article><\/div>\n            <div class=\"clearfix\"><\/div>\n        <\/div>            <div class=\"eael-load-more-button-wrap\">\n                <button class=\"eael-load-more-button\" id=\"eael-load-more-btn-43684d39\" data-widget-id=\"43684d39\" data-widget=\"43684d39\" data-page-id=\"3371\" data-template=\"{&quot;dir&quot;:&quot;lite&quot;,&quot;file_name&quot;:&quot;default.php&quot;,&quot;name&quot;:&quot;Post-Grid&quot;}\" data-class=\"Essential_Addons_Elementor\\Elements\\Post_Grid\" data-layout=\"grid\" data-page=\"1\" data-args=\"orderby=date&amp;order=desc&amp;ignore_sticky_posts=1&amp;post_status=publish&amp;posts_per_page=6&amp;offset=0&amp;post_type=post\" data-max-page=\"5\">\n                    <span class=\"eael-btn-loader button__loader\"><\/span>\n                    <span class=\"eael_load_more_text\">Xem th\u00eam<\/span>\n                <\/button>\n            <\/div>\n        \t\t<\/div>\n\t\t\t\t<\/div>\n\t\t\t\t\t<\/div>\n\t\t<\/div>\n\t\t\t\t\t<\/div>\n\t\t<\/section>\n\t\t\t\t<\/div>","protected":false},"excerpt":{"rendered":"<p>B\u00f4ng h\u1ed3ng c\u00e0i \u00e1o \u2013 L\u1edcI C\u1ea2M \u01a0N T\u1edaI GIA \u0110\u00ccNH Y\u00caU TH\u01af\u01a0NG 26\/08\/2024 B\u00f4ng h\u1ed3ng c\u00e0i \u00e1o \u2013 l\u1eddi c\u1ea3m \u01a1n t\u1edbi gia \u0111\u00ecnh y\u00eau th\u01b0\u01a1ng Trong kh\u00f4ng kh\u00ed r\u1ed9n r\u00e0ng c\u1ee7a m\u00f9a l\u1ec5 Vu Lan, ch\u01b0\u01a1ng tr\u00ecnh B\u00f4ng H\u1ed3ng C\u00e0i \u00c1o \u0111\u00e3&#8230; \u0110\u1ecdc th\u00eam TH\u00c0NH C\u00d4NG C\u1ee6A READATHON 2024 \u2013 S\u00c2N CH\u01a0I NG\u00d4N [&hellip;]<\/p>","protected":false},"author":2,"featured_media":0,"parent":0,"menu_order":0,"comment_status":"closed","ping_status":"closed","template":"elementor_header_footer","meta":{"_eb_attr":"","om_disable_all_campaigns":false,"_monsterinsights_skip_tracking":false,"_monsterinsights_sitenote_active":false,"_monsterinsights_sitenote_note":"","_monsterinsights_sitenote_category":0,"footnotes":""},"class_list":["post-3371","page","type-page","status-publish","hentry"],"yoast_head":"<!-- This site is optimized with the Yoast SEO plugin v21.5 - https:\/\/yoast.com\/wordpress\/plugins\/seo\/ -->\n<title>TIN T\u1ee8C 1 - Phonicsplay English Center<\/title>\n<meta name=\"description\" content=\"Ch\u01b0\u01a1ng tr\u00ecnh d\u1ea1y ti\u1ebfng Anh cho tr\u1ebb chu\u1ea9n Anh-Anh v\u1edbi l\u1ed9 tr\u00ecnh h\u1ecdc r\u00f5 r\u00e0ng \u0111\u01b0\u1ee3c thi\u1ebft k\u1ebf ri\u00eang bi\u1ec7t, ph\u00f9 h\u1ee3p cho t\u1eebng l\u1ee9a tu\u1ed5i kh\u00e1c nhau.\" \/>\n<meta name=\"robots\" content=\"index, follow, max-snippet:-1, max-image-preview:large, max-video-preview:-1\" \/>\n<link rel=\"canonical\" href=\"http:\/\/phonicsplay.edu.vn\/en\/tin-tuc-3\/\" \/>\n<meta property=\"og:locale\" content=\"en_US\" \/>\n<meta property=\"og:type\" content=\"article\" \/>\n<meta property=\"og:title\" content=\"TIN T\u1ee8C 1 - Phonicsplay English Center\" \/>\n<meta property=\"og:description\" content=\"Ch\u01b0\u01a1ng tr\u00ecnh d\u1ea1y ti\u1ebfng Anh cho tr\u1ebb chu\u1ea9n Anh-Anh v\u1edbi l\u1ed9 tr\u00ecnh h\u1ecdc r\u00f5 r\u00e0ng \u0111\u01b0\u1ee3c thi\u1ebft k\u1ebf ri\u00eang bi\u1ec7t, ph\u00f9 h\u1ee3p cho t\u1eebng l\u1ee9a tu\u1ed5i kh\u00e1c nhau.\" \/>\n<meta property=\"og:url\" content=\"http:\/\/phonicsplay.edu.vn\/en\/tin-tuc-3\/\" \/>\n<meta property=\"og:site_name\" content=\"Phonicsplay English Center\" \/>\n<meta property=\"article:publisher\" content=\"https:\/\/www.facebook.com\/trungtamanhnguphonicsplay\" \/>\n<meta property=\"article:modified_time\" content=\"2024-10-28T03:49:26+00:00\" \/>\n<meta name=\"twitter:card\" content=\"summary_large_image\" \/>\n<meta name=\"twitter:label1\" content=\"Est. reading time\" \/>\n\t<meta name=\"twitter:data1\" content=\"7 minutes\" \/>\n<script type=\"application\/ld+json\" class=\"yoast-schema-graph\">{\"@context\":\"https:\/\/schema.org\",\"@graph\":[{\"@type\":\"WebPage\",\"@id\":\"http:\/\/phonicsplay.edu.vn\/tin-tuc-3\/\",\"url\":\"http:\/\/phonicsplay.edu.vn\/tin-tuc-3\/\",\"name\":\"TIN T\u1ee8C 1 - Phonicsplay English Center\",\"isPartOf\":{\"@id\":\"https:\/\/phonicsplay.edu.vn\/#website\"},\"datePublished\":\"2023-02-23T16:31:48+00:00\",\"dateModified\":\"2024-10-28T03:49:26+00:00\",\"description\":\"Ch\u01b0\u01a1ng tr\u00ecnh d\u1ea1y ti\u1ebfng Anh cho tr\u1ebb chu\u1ea9n Anh-Anh v\u1edbi l\u1ed9 tr\u00ecnh h\u1ecdc r\u00f5 r\u00e0ng \u0111\u01b0\u1ee3c thi\u1ebft k\u1ebf ri\u00eang bi\u1ec7t, ph\u00f9 h\u1ee3p cho t\u1eebng l\u1ee9a tu\u1ed5i kh\u00e1c nhau.\",\"breadcrumb\":{\"@id\":\"http:\/\/phonicsplay.edu.vn\/tin-tuc-3\/#breadcrumb\"},\"inLanguage\":\"en-US\",\"potentialAction\":[{\"@type\":\"ReadAction\",\"target\":[\"http:\/\/phonicsplay.edu.vn\/tin-tuc-3\/\"]}]},{\"@type\":\"BreadcrumbList\",\"@id\":\"http:\/\/phonicsplay.edu.vn\/tin-tuc-3\/#breadcrumb\",\"itemListElement\":[{\"@type\":\"ListItem\",\"position\":1,\"name\":\"Trang ch\u1ee7\",\"item\":\"https:\/\/phonicsplay.edu.vn\/\"},{\"@type\":\"ListItem\",\"position\":2,\"name\":\"TIN T\u1ee8C 1\"}]},{\"@type\":\"WebSite\",\"@id\":\"https:\/\/phonicsplay.edu.vn\/#website\",\"url\":\"https:\/\/phonicsplay.edu.vn\/\",\"name\":\"Phonicsplay English Center\",\"description\":\"Where Learning English Is The Same As Vietnamese\",\"publisher\":{\"@id\":\"https:\/\/phonicsplay.edu.vn\/#organization\"},\"potentialAction\":[{\"@type\":\"SearchAction\",\"target\":{\"@type\":\"EntryPoint\",\"urlTemplate\":\"https:\/\/phonicsplay.edu.vn\/?s={search_term_string}\"},\"query-input\":\"required name=search_term_string\"}],\"inLanguage\":\"en-US\"},{\"@type\":\"Organization\",\"@id\":\"https:\/\/phonicsplay.edu.vn\/#organization\",\"name\":\"Phonicsplay English Center\",\"url\":\"https:\/\/phonicsplay.edu.vn\/\",\"logo\":{\"@type\":\"ImageObject\",\"inLanguage\":\"en-US\",\"@id\":\"https:\/\/phonicsplay.edu.vn\/#\/schema\/logo\/image\/\",\"url\":\"http:\/\/phonicsplay.edu.vn\/wp-content\/uploads\/2022\/06\/Logo-jolly-phonic-final-02.png\",\"contentUrl\":\"http:\/\/phonicsplay.edu.vn\/wp-content\/uploads\/2022\/06\/Logo-jolly-phonic-final-02.png\",\"width\":1920,\"height\":1920,\"caption\":\"Phonicsplay English Center\"},\"image\":{\"@id\":\"https:\/\/phonicsplay.edu.vn\/#\/schema\/logo\/image\/\"},\"sameAs\":[\"https:\/\/www.facebook.com\/trungtamanhnguphonicsplay\",\"https:\/\/www.instagram.com\/phonicsplayenglish\/\",\"https:\/\/www.tiktok.com\/@phonicsplay\",\"https:\/\/www.youtube.com\/@phonicsplayenglish\",\"https:\/\/phonicsplay.kiddihub.com\/\"]}]}<\/script>\n<!-- \/ Yoast SEO plugin. -->","yoast_head_json":{"title":"TIN T\u1ee8C 1 - Phonicsplay English Center","description":"Ch\u01b0\u01a1ng tr\u00ecnh d\u1ea1y ti\u1ebfng Anh cho tr\u1ebb chu\u1ea9n Anh-Anh v\u1edbi l\u1ed9 tr\u00ecnh h\u1ecdc r\u00f5 r\u00e0ng \u0111\u01b0\u1ee3c thi\u1ebft k\u1ebf ri\u00eang bi\u1ec7t, ph\u00f9 h\u1ee3p cho t\u1eebng l\u1ee9a tu\u1ed5i kh\u00e1c nhau.","robots":{"index":"index","follow":"follow","max-snippet":"max-snippet:-1","max-image-preview":"max-image-preview:large","max-video-preview":"max-video-preview:-1"},"canonical":"http:\/\/phonicsplay.edu.vn\/en\/tin-tuc-3\/","og_locale":"en_US","og_type":"article","og_title":"TIN T\u1ee8C 1 - Phonicsplay English Center","og_description":"Ch\u01b0\u01a1ng tr\u00ecnh d\u1ea1y ti\u1ebfng Anh cho tr\u1ebb chu\u1ea9n Anh-Anh v\u1edbi l\u1ed9 tr\u00ecnh h\u1ecdc r\u00f5 r\u00e0ng \u0111\u01b0\u1ee3c thi\u1ebft k\u1ebf ri\u00eang bi\u1ec7t, ph\u00f9 h\u1ee3p cho t\u1eebng l\u1ee9a tu\u1ed5i kh\u00e1c nhau.","og_url":"http:\/\/phonicsplay.edu.vn\/en\/tin-tuc-3\/","og_site_name":"Phonicsplay English Center","article_publisher":"https:\/\/www.facebook.com\/trungtamanhnguphonicsplay","article_modified_time":"2024-10-28T03:49:26+00:00","twitter_card":"summary_large_image","twitter_misc":{"Est. reading time":"7 minutes"},"schema":{"@context":"https:\/\/schema.org","@graph":[{"@type":"WebPage","@id":"http:\/\/phonicsplay.edu.vn\/tin-tuc-3\/","url":"http:\/\/phonicsplay.edu.vn\/tin-tuc-3\/","name":"TIN T\u1ee8C 1 - Phonicsplay English Center","isPartOf":{"@id":"https:\/\/phonicsplay.edu.vn\/#website"},"datePublished":"2023-02-23T16:31:48+00:00","dateModified":"2024-10-28T03:49:26+00:00","description":"Ch\u01b0\u01a1ng tr\u00ecnh d\u1ea1y ti\u1ebfng Anh cho tr\u1ebb chu\u1ea9n Anh-Anh v\u1edbi l\u1ed9 tr\u00ecnh h\u1ecdc r\u00f5 r\u00e0ng \u0111\u01b0\u1ee3c thi\u1ebft k\u1ebf ri\u00eang bi\u1ec7t, ph\u00f9 h\u1ee3p cho t\u1eebng l\u1ee9a tu\u1ed5i kh\u00e1c nhau.","breadcrumb":{"@id":"http:\/\/phonicsplay.edu.vn\/tin-tuc-3\/#breadcrumb"},"inLanguage":"en-US","potentialAction":[{"@type":"ReadAction","target":["http:\/\/phonicsplay.edu.vn\/tin-tuc-3\/"]}]},{"@type":"BreadcrumbList","@id":"http:\/\/phonicsplay.edu.vn\/tin-tuc-3\/#breadcrumb","itemListElement":[{"@type":"ListItem","position":1,"name":"Trang ch\u1ee7","item":"https:\/\/phonicsplay.edu.vn\/"},{"@type":"ListItem","position":2,"name":"TIN T\u1ee8C 1"}]},{"@type":"WebSite","@id":"https:\/\/phonicsplay.edu.vn\/#website","url":"https:\/\/phonicsplay.edu.vn\/","name":"Phonicsplay English Center","description":"Where Learning English Is The Same As Vietnamese","publisher":{"@id":"https:\/\/phonicsplay.edu.vn\/#organization"},"potentialAction":[{"@type":"SearchAction","target":{"@type":"EntryPoint","urlTemplate":"https:\/\/phonicsplay.edu.vn\/?s={search_term_string}"},"query-input":"required name=search_term_string"}],"inLanguage":"en-US"},{"@type":"Organization","@id":"https:\/\/phonicsplay.edu.vn\/#organization","name":"Phonicsplay English Center","url":"https:\/\/phonicsplay.edu.vn\/","logo":{"@type":"ImageObject","inLanguage":"en-US","@id":"https:\/\/phonicsplay.edu.vn\/#\/schema\/logo\/image\/","url":"http:\/\/phonicsplay.edu.vn\/wp-content\/uploads\/2022\/06\/Logo-jolly-phonic-final-02.png","contentUrl":"http:\/\/phonicsplay.edu.vn\/wp-content\/uploads\/2022\/06\/Logo-jolly-phonic-final-02.png","width":1920,"height":1920,"caption":"Phonicsplay English Center"},"image":{"@id":"https:\/\/phonicsplay.edu.vn\/#\/schema\/logo\/image\/"},"sameAs":["https:\/\/www.facebook.com\/trungtamanhnguphonicsplay","https:\/\/www.instagram.com\/phonicsplayenglish\/","https:\/\/www.tiktok.com\/@phonicsplay","https:\/\/www.youtube.com\/@phonicsplayenglish","https:\/\/phonicsplay.kiddihub.com\/"]}]}},"_links":{"self":[{"href":"http:\/\/phonicsplay.edu.vn\/en\/wp-json\/wp\/v2\/pages\/3371","targetHints":{"allow":["GET"]}}],"collection":[{"href":"http:\/\/phonicsplay.edu.vn\/en\/wp-json\/wp\/v2\/pages"}],"about":[{"href":"http:\/\/phonicsplay.edu.vn\/en\/wp-json\/wp\/v2\/types\/page"}],"author":[{"embeddable":true,"href":"http:\/\/phonicsplay.edu.vn\/en\/wp-json\/wp\/v2\/users\/2"}],"replies":[{"embeddable":true,"href":"http:\/\/phonicsplay.edu.vn\/en\/wp-json\/wp\/v2\/comments?post=3371"}],"version-history":[{"count":162,"href":"http:\/\/phonicsplay.edu.vn\/en\/wp-json\/wp\/v2\/pages\/3371\/revisions"}],"predecessor-version":[{"id":7168,"href":"http:\/\/phonicsplay.edu.vn\/en\/wp-json\/wp\/v2\/pages\/3371\/revisions\/7168"}],"wp:attachment":[{"href":"http:\/\/phonicsplay.edu.vn\/en\/wp-json\/wp\/v2\/media?parent=3371"}],"curies":[{"name":"wp","href":"https:\/\/api.w.org\/{rel}","templated":true}]}}