{"id":4504,"date":"2023-03-09T09:24:30","date_gmt":"2023-03-09T02:24:30","guid":{"rendered":"http:\/\/phonicsplay.edu.vn\/?page_id=4504"},"modified":"2024-11-01T11:26:32","modified_gmt":"2024-11-01T04:26:32","slug":"tong-quan","status":"publish","type":"page","link":"http:\/\/phonicsplay.edu.vn\/en\/tong-quan\/","title":{"rendered":"T\u1ed4NG QUAN"},"content":{"rendered":"<div data-elementor-type=\"wp-page\" data-elementor-id=\"4504\" class=\"elementor elementor-4504\" data-elementor-post-type=\"page\">\n\t\t\t\t\t\t<section class=\"elementor-section elementor-top-section elementor-element elementor-element-86565d4 elementor-section-full_width elementor-section-height-default elementor-section-height-default\" data-id=\"86565d4\" data-element_type=\"section\">\n\t\t\t\t\t\t<div class=\"elementor-container elementor-column-gap-default\">\n\t\t\t\t\t<div class=\"elementor-column elementor-col-100 elementor-top-column elementor-element elementor-element-8f1a44e\" data-id=\"8f1a44e\" data-element_type=\"column\">\n\t\t\t<div class=\"elementor-widget-wrap elementor-element-populated\">\n\t\t\t\t\t\t<div class=\"elementor-element elementor-element-540f67c elementor--h-position-center elementor--v-position-middle elementor-arrows-position-inside elementor-pagination-position-inside elementor-widget elementor-widget-slides\" data-id=\"540f67c\" data-element_type=\"widget\" data-settings=\"{&quot;navigation&quot;:&quot;both&quot;,&quot;autoplay&quot;:&quot;yes&quot;,&quot;pause_on_hover&quot;:&quot;yes&quot;,&quot;pause_on_interaction&quot;:&quot;yes&quot;,&quot;autoplay_speed&quot;:5000,&quot;infinite&quot;:&quot;yes&quot;,&quot;transition&quot;:&quot;slide&quot;,&quot;transition_speed&quot;:500}\" data-widget_type=\"slides.default\">\n\t\t\t\t<div class=\"elementor-widget-container\">\n\t\t\t\t\t<div class=\"elementor-swiper\">\n\t\t\t<div class=\"elementor-slides-wrapper elementor-main-swiper swiper\" dir=\"ltr\" data-animation=\"fadeInUp\">\n\t\t\t\t<div class=\"swiper-wrapper elementor-slides\">\n\t\t\t\t\t\t\t\t\t\t<div class=\"elementor-repeater-item-44ca340 swiper-slide\"><div class=\"swiper-slide-bg\" role=\"img\"><\/div><div class=\"swiper-slide-inner\" ><div class=\"swiper-slide-contents\"><\/div><\/div><\/div>\t\t\t\t<\/div>\n\t\t\t\t\t\t\t<\/div>\n\t\t<\/div>\n\t\t\t\t<\/div>\n\t\t\t\t<\/div>\n\t\t\t\t<div class=\"elementor-element elementor-element-2e3fb1b elementor-widget elementor-widget-heading\" data-id=\"2e3fb1b\" data-element_type=\"widget\" data-widget_type=\"heading.default\">\n\t\t\t\t<div class=\"elementor-widget-container\">\n\t\t\t<h1 class=\"elementor-heading-title elementor-size-default\">Ph\u01b0\u01a1ng ph\u00e1p h\u1ecdc t\u1eadp<\/h1>\t\t<\/div>\n\t\t\t\t<\/div>\n\t\t\t\t<div class=\"elementor-element elementor-element-3a8367e elementor-widget elementor-widget-text-editor\" data-id=\"3a8367e\" data-element_type=\"widget\" data-widget_type=\"text-editor.default\">\n\t\t\t\t<div class=\"elementor-widget-container\">\n\t\t\t\t\t\t\t<p><span style=\"font-weight: 400;\">Jolly Phonics l\u00e0 m\u1ed9t ch\u01b0\u01a1ng tr\u00ecnh ti\u1ebfng Anh \u0111\u1ed9c \u0111\u00e1o s\u1eed d\u1ee5ng ph\u01b0\u01a1ng ph\u00e1p ng\u1eef \u00e2m t\u1ed5ng h\u1ee3p \u0111\u1ec3 gi\u00fap tr\u1ebb em \u0111\u1ecdc, vi\u1ebft v\u00e0 n\u00f3i ti\u1ebfng Anh tr\u00f4i ch\u1ea3y. Kh\u00e1c v\u1edbi c\u00e1c ch\u01b0\u01a1ng tr\u00ecnh ph\u1ed5 bi\u1ebfn kh\u00e1c nh\u01b0 Cambridge ho\u1eb7c IELTS, Jolly Phonics t\u1eadp trung v\u00e0o vi\u1ec7c gi\u1ea3ng d\u1ea1y ng\u1eef \u00e2m t\u1ed5ng h\u1ee3p v\u00e0 c\u00e1c ch\u1eef c\u00e1i t\u01b0\u01a1ng \u1ee9ng \u0111\u1ec3 gi\u00fap tr\u1ebb em h\u1ecdc \u0111\u1ecdc v\u00e0 vi\u1ebft nhanh ch\u00f3ng v\u00e0 hi\u1ec7u qu\u1ea3. Ch\u01b0\u01a1ng tr\u00ecnh n\u00e0y d\u1ef1a tr\u00ean nghi\u00ean c\u1ee9u khoa h\u1ecdc v\u00e0 \u0111\u00e3 \u0111\u01b0\u1ee3c ch\u1ee9ng minh l\u00e0 ph\u01b0\u01a1ng ph\u00e1p hi\u1ec7u qu\u1ea3 trong c\u00e1c l\u1edbp h\u1ecdc th\u1ef1c t\u1ebf.\u00a0<\/span><\/p><p><span style=\"font-weight: 400;\">Jolly Phonics ph\u00f9 h\u1ee3p v\u1edbi tr\u1ebb em \u1edf m\u1ecdi \u0111\u1ed9 tu\u1ed5i v\u00e0 \u0111\u1eb7c bi\u1ec7t c\u00f3 gi\u00e1 tr\u1ecb \u0111\u1ed1i v\u1edbi nh\u1eefng ng\u01b0\u1eddi h\u1ecdc ti\u1ebfng Anh nh\u01b0 m\u1ed9t ng\u00f4n ng\u1eef th\u1ee9 hai. Jolly Phonics \u0111\u00e3 \u0111\u01b0\u1ee3c s\u1eed d\u1ee5ng trong 100 qu\u1ed1c gia v\u00e0 \u0111\u01b0\u1ee3c tr\u1ea3i nghi\u1ec7m t\u1eeb 25 n\u0103m tr\u01b0\u1edbc.\u00a0<\/span><\/p><p><span style=\"font-weight: 400;\">Ph\u01b0\u01a1ng ph\u00e1p ti\u1ebfp c\u1eadn \u0111a gi\u00e1c quan c\u0169ng l\u00e0 m\u1ed9t \u0111i\u1ec3m \u0111\u1eb7c bi\u1ec7t c\u1ee7a ch\u01b0\u01a1ng tr\u00ecnh n\u00e0y, v\u00ed d\u1ee5 nh\u01b0 vi\u1ec7c k\u1ebft h\u1ee3p \u00e2m thanh, h\u00ecnh \u1ea3nh v\u00e0 h\u00e0nh \u0111\u1ed9ng \u0111\u1ec3 t\u0103ng t\u00ednh t\u01b0\u01a1ng t\u00e1c v\u00e0 h\u1ea5p d\u1eabn cho tr\u1ebb em.<\/span><\/p>\t\t\t\t\t\t<\/div>\n\t\t\t\t<\/div>\n\t\t\t\t<div class=\"elementor-element elementor-element-cf9652b elementor-widget__width-inherit elementor-widget elementor-widget-image-carousel\" data-id=\"cf9652b\" data-element_type=\"widget\" data-settings=\"{&quot;slides_to_show&quot;:&quot;3&quot;,&quot;slides_to_show_mobile&quot;:&quot;1&quot;,&quot;slides_to_scroll&quot;:&quot;1&quot;,&quot;navigation&quot;:&quot;none&quot;,&quot;pause_on_hover&quot;:&quot;no&quot;,&quot;infinite&quot;:&quot;no&quot;,&quot;image_spacing_custom&quot;:{&quot;unit&quot;:&quot;px&quot;,&quot;size&quot;:15,&quot;sizes&quot;:[]},&quot;autoplay&quot;:&quot;yes&quot;,&quot;pause_on_interaction&quot;:&quot;yes&quot;,&quot;autoplay_speed&quot;:5000,&quot;speed&quot;:500,&quot;image_spacing_custom_tablet&quot;:{&quot;unit&quot;:&quot;px&quot;,&quot;size&quot;:&quot;&quot;,&quot;sizes&quot;:[]}}\" data-widget_type=\"image-carousel.default\">\n\t\t\t\t<div class=\"elementor-widget-container\">\n\t\t\t\t\t<div class=\"elementor-image-carousel-wrapper swiper\" dir=\"ltr\">\n\t\t\t<div class=\"elementor-image-carousel swiper-wrapper swiper-image-stretch\" aria-live=\"off\">\n\t\t\t\t\t\t\t\t<div class=\"swiper-slide\" role=\"group\" aria-roledescription=\"slide\" aria-label=\"1 of 3\"><figure class=\"swiper-slide-inner\"><img decoding=\"async\" class=\"swiper-slide-image\" src=\"http:\/\/phonicsplay.edu.vn\/wp-content\/uploads\/2023\/03\/PP_HP_Web_13-300x200.png\" alt=\"\" \/><\/figure><\/div><div class=\"swiper-slide\" role=\"group\" aria-roledescription=\"slide\" aria-label=\"2 of 3\"><figure class=\"swiper-slide-inner\"><img decoding=\"async\" class=\"swiper-slide-image\" src=\"http:\/\/phonicsplay.edu.vn\/wp-content\/uploads\/2023\/03\/PP_HP_Web_11-300x200.png\" alt=\"\" \/><\/figure><\/div><div class=\"swiper-slide\" role=\"group\" aria-roledescription=\"slide\" aria-label=\"3 of 3\"><figure class=\"swiper-slide-inner\"><img decoding=\"async\" class=\"swiper-slide-image\" src=\"http:\/\/phonicsplay.edu.vn\/wp-content\/uploads\/2023\/03\/PP_HP_Web_12-300x200.png\" alt=\"\" \/><\/figure><\/div>\t\t\t<\/div>\n\t\t\t\t\t\t\t\n\t\t\t\t\t\t\t\t\t<\/div>\n\t\t\t\t<\/div>\n\t\t\t\t<\/div>\n\t\t\t\t<div class=\"elementor-element elementor-element-304964c elementor-widget elementor-widget-spacer\" data-id=\"304964c\" data-element_type=\"widget\" data-widget_type=\"spacer.default\">\n\t\t\t\t<div class=\"elementor-widget-container\">\n\t\t\t\t\t<div class=\"elementor-spacer\">\n\t\t\t<div class=\"elementor-spacer-inner\"><\/div>\n\t\t<\/div>\n\t\t\t\t<\/div>\n\t\t\t\t<\/div>\n\t\t\t\t<div class=\"elementor-element elementor-element-919aed1 e-transform elementor-widget elementor-widget-heading\" data-id=\"919aed1\" data-element_type=\"widget\" data-settings=\"{&quot;_transform_translateX_effect&quot;:{&quot;unit&quot;:&quot;px&quot;,&quot;size&quot;:&quot;&quot;,&quot;sizes&quot;:[]},&quot;_transform_translateX_effect_tablet&quot;:{&quot;unit&quot;:&quot;px&quot;,&quot;size&quot;:&quot;&quot;,&quot;sizes&quot;:[]},&quot;_transform_translateX_effect_mobile&quot;:{&quot;unit&quot;:&quot;px&quot;,&quot;size&quot;:&quot;&quot;,&quot;sizes&quot;:[]},&quot;_transform_translateY_effect&quot;:{&quot;unit&quot;:&quot;px&quot;,&quot;size&quot;:&quot;&quot;,&quot;sizes&quot;:[]},&quot;_transform_translateY_effect_tablet&quot;:{&quot;unit&quot;:&quot;px&quot;,&quot;size&quot;:&quot;&quot;,&quot;sizes&quot;:[]},&quot;_transform_translateY_effect_mobile&quot;:{&quot;unit&quot;:&quot;px&quot;,&quot;size&quot;:&quot;&quot;,&quot;sizes&quot;:[]}}\" data-widget_type=\"heading.default\">\n\t\t\t\t<div class=\"elementor-widget-container\">\n\t\t\t<h2 class=\"elementor-heading-title elementor-size-default\">Ph\u01b0\u01a1ng ph\u00e1p \u0111\u00e1nh gi\u00e1<\/h2>\t\t<\/div>\n\t\t\t\t<\/div>\n\t\t\t\t<div class=\"elementor-element elementor-element-3fa85d8 elementor-widget elementor-widget-text-editor\" data-id=\"3fa85d8\" data-element_type=\"widget\" data-widget_type=\"text-editor.default\">\n\t\t\t\t<div class=\"elementor-widget-container\">\n\t\t\t\t\t\t\t<p><span style=\"font-weight: 400;\">Ch\u01b0\u01a1ng tr\u00ecnh Jolly Phonics s\u1eed d\u1ee5ng nhi\u1ec1u ph\u01b0\u01a1ng ph\u00e1p \u0111\u00e1nh gi\u00e1 h\u1ecdc sinh \u1edf m\u1ed7i giai \u0111o\u1ea1n. \u1ede giai \u0111o\u1ea1n \u0111\u1ea7u, h\u1ecdc sinh \u0111\u01b0\u1ee3c \u0111\u00e1nh gi\u00e1 th\u00f4ng qua quan s\u00e1t v\u00e0 \u0111\u00e1nh gi\u00e1 s\u01a1 b\u1ed9 \u0111\u1ec3 x\u00e1c \u0111\u1ecbnh k\u1ef9 n\u0103ng nh\u1eadn bi\u1ebft ch\u1eef c\u00e1i v\u00e0 \u00e2m ti\u1ebft c\u1ee7a m\u00ecnh. Khi h\u1ecdc sinh ti\u1ebfn b\u1ed9, c\u00e1c em \u0111\u01b0\u1ee3c \u0111\u00e1nh gi\u00e1 qua nhi\u1ec1u h\u00ecnh th\u1ee9c h\u01a1n, ch\u1eb3ng h\u1ea1n nh\u01b0: ki\u1ec3m tra ng\u1eef \u00e2m t\u1ed5ng h\u1ee3p, ch\u00ednh t\u1ea3, ki\u1ec3m tra \u0111\u1ecdc v\u00e0 ki\u1ec3m tra vi\u1ebft. Nh\u1eefng \u0111\u00e1nh gi\u00e1 n\u00e0y gi\u00fap gi\u00e1o vi\u00ean theo d\u00f5i qu\u00e1 tr\u00ecnh h\u1ecdc t\u1eadp v\u00e0 x\u00e1c \u0111\u1ecbnh c\u00e1c kh\u00eda c\u1ea1nh c\u1ea7n h\u1ed7 tr\u1ee3 b\u1ed5 sung v\u1edbi t\u1eebng h\u1ecdc sinh.\u00a0<\/span><\/p><p><span style=\"font-weight: 400;\">Ngo\u00e0i ra, ch\u01b0\u01a1ng tr\u00ecnh Jolly Phonics cung c\u1ea5p m\u1ed9t lo\u1ea1t c\u00e1c ph\u01b0\u01a1ng ph\u00e1p \u0111\u1ec3 gi\u00fap gi\u00e1o vi\u00ean theo d\u00f5i qu\u00e1 tr\u00ecnh h\u1ecdc t\u1eadp c\u1ee7a h\u1ecdc sinh, bao g\u1ed3m c\u00e1c c\u00f4ng c\u1ee5 \u0111\u00e1nh gi\u00e1, b\u1ea3ng theo d\u00f5i v\u00e0 b\u00e1o c\u00e1o qu\u00e1 tr\u00ecnh h\u1ecdc t\u1eadp.<\/span><\/p>\t\t\t\t\t\t<\/div>\n\t\t\t\t<\/div>\n\t\t\t\t<div class=\"elementor-element elementor-element-22c9fad elementor-widget__width-inherit elementor-widget elementor-widget-image-carousel\" data-id=\"22c9fad\" data-element_type=\"widget\" data-settings=\"{&quot;slides_to_show&quot;:&quot;3&quot;,&quot;slides_to_show_mobile&quot;:&quot;1&quot;,&quot;slides_to_scroll&quot;:&quot;1&quot;,&quot;navigation&quot;:&quot;none&quot;,&quot;pause_on_hover&quot;:&quot;no&quot;,&quot;infinite&quot;:&quot;no&quot;,&quot;image_spacing_custom&quot;:{&quot;unit&quot;:&quot;px&quot;,&quot;size&quot;:15,&quot;sizes&quot;:[]},&quot;autoplay&quot;:&quot;yes&quot;,&quot;pause_on_interaction&quot;:&quot;yes&quot;,&quot;autoplay_speed&quot;:5000,&quot;speed&quot;:500,&quot;image_spacing_custom_tablet&quot;:{&quot;unit&quot;:&quot;px&quot;,&quot;size&quot;:&quot;&quot;,&quot;sizes&quot;:[]}}\" data-widget_type=\"image-carousel.default\">\n\t\t\t\t<div class=\"elementor-widget-container\">\n\t\t\t\t\t<div class=\"elementor-image-carousel-wrapper swiper\" dir=\"ltr\">\n\t\t\t<div class=\"elementor-image-carousel swiper-wrapper swiper-image-stretch\" aria-live=\"off\">\n\t\t\t\t\t\t\t\t<div class=\"swiper-slide\" role=\"group\" aria-roledescription=\"slide\" aria-label=\"1 of 3\"><figure class=\"swiper-slide-inner\"><img decoding=\"async\" class=\"swiper-slide-image\" src=\"http:\/\/phonicsplay.edu.vn\/wp-content\/uploads\/2023\/03\/PP_HP_Web_21-300x200.png\" alt=\"\" \/><\/figure><\/div><div class=\"swiper-slide\" role=\"group\" aria-roledescription=\"slide\" aria-label=\"2 of 3\"><figure class=\"swiper-slide-inner\"><img decoding=\"async\" class=\"swiper-slide-image\" src=\"http:\/\/phonicsplay.edu.vn\/wp-content\/uploads\/2023\/03\/PP_HP_Web_22-300x200.png\" alt=\"\" \/><\/figure><\/div><div class=\"swiper-slide\" role=\"group\" aria-roledescription=\"slide\" aria-label=\"3 of 3\"><figure class=\"swiper-slide-inner\"><img decoding=\"async\" class=\"swiper-slide-image\" src=\"http:\/\/phonicsplay.edu.vn\/wp-content\/uploads\/2023\/03\/PP_HP_Web_23-300x200.png\" alt=\"\" \/><\/figure><\/div>\t\t\t<\/div>\n\t\t\t\t\t\t\t\n\t\t\t\t\t\t\t\t\t<\/div>\n\t\t\t\t<\/div>\n\t\t\t\t<\/div>\n\t\t\t\t<div class=\"elementor-element elementor-element-5a8d2cc elementor-widget elementor-widget-spacer\" data-id=\"5a8d2cc\" data-element_type=\"widget\" data-widget_type=\"spacer.default\">\n\t\t\t\t<div class=\"elementor-widget-container\">\n\t\t\t\t\t<div class=\"elementor-spacer\">\n\t\t\t<div class=\"elementor-spacer-inner\"><\/div>\n\t\t<\/div>\n\t\t\t\t<\/div>\n\t\t\t\t<\/div>\n\t\t\t\t<div class=\"elementor-element elementor-element-0d8572f elementor-widget elementor-widget-heading\" data-id=\"0d8572f\" data-element_type=\"widget\" data-widget_type=\"heading.default\">\n\t\t\t\t<div class=\"elementor-widget-container\">\n\t\t\t<h2 class=\"elementor-heading-title elementor-size-default\">Tr\u1ea3i nghi\u1ec7m tham gia l\u1edbp h\u1ecdc<\/h2>\t\t<\/div>\n\t\t\t\t<\/div>\n\t\t\t\t<div class=\"elementor-element elementor-element-92c8942 elementor-widget elementor-widget-text-editor\" data-id=\"92c8942\" data-element_type=\"widget\" data-widget_type=\"text-editor.default\">\n\t\t\t\t<div class=\"elementor-widget-container\">\n\t\t\t\t\t\t\t<p><span style=\"font-weight: 400;\">T\u1ea1i trung t\u00e2m, ch\u00fang t\u00f4i lu\u00f4n c\u1ed1 g\u1eafng mang \u0111\u1ebfn tr\u1ea3i nghi\u1ec7m h\u1ecdc t\u1eadp t\u1ed1t nh\u1ea5t c\u00f3 th\u1ec3 cho h\u1ecdc sinh. C\u00e1c l\u1edbp h\u1ecdc \u0111\u01b0\u1ee3c gi\u1eef s\u0129 s\u1ed1 nh\u1ecf \u0111\u1ec3 \u0111\u1ea3m b\u1ea3o t\u1eebng h\u1ecdc sinh nh\u1eadn \u0111\u01b0\u1ee3c s\u1ef1 quan t\u00e2m v\u00e0 h\u1ed7 tr\u1ee3 s\u00e1t sao t\u1eeb c\u00e1c gi\u00e1o vi\u00ean v\u00e0 nh\u00e2n vi\u00ean chuy\u00ean nghi\u1ec7p. C\u01a1 s\u1edf v\u1eadt ch\u1ea5t \u0111\u01b0\u1ee3c trang b\u1ecb hi\u1ec7n \u0111\u1ea1i \u0111\u1ec3 t\u1ea1o ra tr\u1ea3i nghi\u1ec7m h\u1ecdc t\u1eadp t\u01b0\u01a1ng t\u00e1c v\u00e0 h\u1ea5p d\u1eabn.\u00a0<\/span><\/p><p><span style=\"font-weight: 400;\">Ngo\u00e0i ph\u01b0\u01a1ng ph\u00e1p gi\u1ea3ng d\u1ea1y xu\u1ea5t s\u1eafc, ch\u00fang t\u00f4i c\u00f3 m\u1ed9t ch\u01b0\u01a1ng tr\u00ecnh vinh danh \u0111\u1ec3 khuy\u1ebfn kh\u00edch, th\u00fac \u0111\u1ea9y h\u1ecdc sinh h\u1ecdc t\u1eadp ch\u0103m ch\u1ec9 v\u00e0 v\u01b0\u1ee3t qua gi\u1edbi h\u1ea1n c\u1ee7a b\u1ea3n th\u00e2n. Ch\u01b0\u01a1ng tr\u00ecnh h\u1ecdc sinh c\u1ee7a th\u00e1ng l\u00e0 ng\u00e0y t\u00f4n vinh nh\u1eefng th\u00e0nh t\u00edch xu\u1ea5t s\u1eafc c\u1ee7a c\u00e1c em v\u00e0 lan t\u1ecfa s\u1ef1 ti\u1ebfn b\u1ed9 c\u1ee7a c\u00e1c em t\u1edbi ph\u1ee5 huynh v\u00e0 b\u1ea1n b\u00e8.\u00a0<\/span><\/p><p><span style=\"font-weight: 400;\">H\u00e3y tin t\u01b0\u1edfng ch\u00fang t\u00f4i \u0111\u1ec3 gi\u00fap con c\u1ee7a b\u1ea1n \u0111\u1ea1t \u0111\u01b0\u1ee3c ti\u1ec1m n\u0103ng t\u1ed1i \u0111a trong m\u1ed9t m\u00f4i tr\u01b0\u1eddng h\u1ecdc t\u1eadp n\u01a1i c\u00e1c em \u0111\u01b0\u1ee3c s\u00e1t c\u00e1nh \u0111\u1ed3ng h\u00e0nh v\u00e0 \u0111\u1ea7y t\u00ecnh th\u01b0\u01a1ng.<\/span><\/p>\t\t\t\t\t\t<\/div>\n\t\t\t\t<\/div>\n\t\t\t\t<div class=\"elementor-element elementor-element-1c93eac elementor-widget__width-inherit elementor-widget elementor-widget-image-carousel\" data-id=\"1c93eac\" data-element_type=\"widget\" data-settings=\"{&quot;slides_to_show&quot;:&quot;3&quot;,&quot;slides_to_show_mobile&quot;:&quot;1&quot;,&quot;slides_to_scroll&quot;:&quot;1&quot;,&quot;navigation&quot;:&quot;none&quot;,&quot;pause_on_hover&quot;:&quot;no&quot;,&quot;infinite&quot;:&quot;no&quot;,&quot;image_spacing_custom&quot;:{&quot;unit&quot;:&quot;px&quot;,&quot;size&quot;:15,&quot;sizes&quot;:[]},&quot;autoplay&quot;:&quot;yes&quot;,&quot;pause_on_interaction&quot;:&quot;yes&quot;,&quot;autoplay_speed&quot;:5000,&quot;speed&quot;:500,&quot;image_spacing_custom_tablet&quot;:{&quot;unit&quot;:&quot;px&quot;,&quot;size&quot;:&quot;&quot;,&quot;sizes&quot;:[]}}\" data-widget_type=\"image-carousel.default\">\n\t\t\t\t<div class=\"elementor-widget-container\">\n\t\t\t\t\t<div class=\"elementor-image-carousel-wrapper swiper\" dir=\"ltr\">\n\t\t\t<div class=\"elementor-image-carousel swiper-wrapper swiper-image-stretch\" aria-live=\"off\">\n\t\t\t\t\t\t\t\t<div class=\"swiper-slide\" role=\"group\" aria-roledescription=\"slide\" aria-label=\"1 of 3\"><figure class=\"swiper-slide-inner\"><img decoding=\"async\" class=\"swiper-slide-image\" src=\"http:\/\/phonicsplay.edu.vn\/wp-content\/uploads\/2023\/03\/PP_HP_Web_31-300x200.png\" alt=\"\" \/><\/figure><\/div><div class=\"swiper-slide\" role=\"group\" aria-roledescription=\"slide\" aria-label=\"2 of 3\"><figure class=\"swiper-slide-inner\"><img decoding=\"async\" class=\"swiper-slide-image\" src=\"http:\/\/phonicsplay.edu.vn\/wp-content\/uploads\/2023\/03\/PP_HP_Web_32-300x200.png\" alt=\"\" \/><\/figure><\/div><div class=\"swiper-slide\" role=\"group\" aria-roledescription=\"slide\" aria-label=\"3 of 3\"><figure class=\"swiper-slide-inner\"><img decoding=\"async\" class=\"swiper-slide-image\" src=\"http:\/\/phonicsplay.edu.vn\/wp-content\/uploads\/2023\/03\/PP_HP_Web_33-300x200.png\" alt=\"\" \/><\/figure><\/div>\t\t\t<\/div>\n\t\t\t\t\t\t\t\n\t\t\t\t\t\t\t\t\t<\/div>\n\t\t\t\t<\/div>\n\t\t\t\t<\/div>\n\t\t\t\t\t<\/div>\n\t\t<\/div>\n\t\t\t\t\t<\/div>\n\t\t<\/section>\n\t\t\t\t<\/div>","protected":false},"excerpt":{"rendered":"<p>Ph\u01b0\u01a1ng ph\u00e1p h\u1ecdc t\u1eadp Jolly Phonics l\u00e0 m\u1ed9t ch\u01b0\u01a1ng tr\u00ecnh ti\u1ebfng Anh \u0111\u1ed9c \u0111\u00e1o s\u1eed d\u1ee5ng ph\u01b0\u01a1ng ph\u00e1p ng\u1eef \u00e2m t\u1ed5ng h\u1ee3p \u0111\u1ec3 gi\u00fap tr\u1ebb em \u0111\u1ecdc, vi\u1ebft v\u00e0 n\u00f3i ti\u1ebfng Anh tr\u00f4i ch\u1ea3y. Kh\u00e1c v\u1edbi c\u00e1c ch\u01b0\u01a1ng tr\u00ecnh ph\u1ed5 bi\u1ebfn kh\u00e1c nh\u01b0 Cambridge ho\u1eb7c IELTS, Jolly Phonics t\u1eadp trung v\u00e0o vi\u1ec7c gi\u1ea3ng d\u1ea1y ng\u1eef [&hellip;]<\/p>","protected":false},"author":2,"featured_media":0,"parent":0,"menu_order":0,"comment_status":"closed","ping_status":"closed","template":"","meta":{"_eb_attr":"","om_disable_all_campaigns":false,"_monsterinsights_skip_tracking":false,"_monsterinsights_sitenote_active":false,"_monsterinsights_sitenote_note":"","_monsterinsights_sitenote_category":0,"footnotes":""},"class_list":["post-4504","page","type-page","status-publish","hentry"],"yoast_head":"<!-- This site is optimized with the Yoast SEO plugin v21.5 - https:\/\/yoast.com\/wordpress\/plugins\/seo\/ -->\n<title>T\u1ed4NG QUAN - Phonicsplay English Center<\/title>\n<meta name=\"robots\" content=\"index, follow, max-snippet:-1, max-image-preview:large, max-video-preview:-1\" \/>\n<link rel=\"canonical\" href=\"http:\/\/phonicsplay.edu.vn\/en\/tong-quan\/\" \/>\n<meta property=\"og:locale\" content=\"en_US\" \/>\n<meta property=\"og:type\" content=\"article\" \/>\n<meta property=\"og:title\" content=\"T\u1ed4NG QUAN - Phonicsplay English Center\" \/>\n<meta property=\"og:description\" content=\"Ph\u01b0\u01a1ng ph\u00e1p h\u1ecdc t\u1eadp Jolly Phonics l\u00e0 m\u1ed9t ch\u01b0\u01a1ng tr\u00ecnh ti\u1ebfng Anh \u0111\u1ed9c \u0111\u00e1o s\u1eed d\u1ee5ng ph\u01b0\u01a1ng ph\u00e1p ng\u1eef \u00e2m t\u1ed5ng h\u1ee3p \u0111\u1ec3 gi\u00fap tr\u1ebb em \u0111\u1ecdc, vi\u1ebft v\u00e0 n\u00f3i ti\u1ebfng Anh tr\u00f4i ch\u1ea3y. Kh\u00e1c v\u1edbi c\u00e1c ch\u01b0\u01a1ng tr\u00ecnh ph\u1ed5 bi\u1ebfn kh\u00e1c nh\u01b0 Cambridge ho\u1eb7c IELTS, Jolly Phonics t\u1eadp trung v\u00e0o vi\u1ec7c gi\u1ea3ng d\u1ea1y ng\u1eef [&hellip;]\" \/>\n<meta property=\"og:url\" content=\"http:\/\/phonicsplay.edu.vn\/en\/tong-quan\/\" \/>\n<meta property=\"og:site_name\" content=\"Phonicsplay English Center\" \/>\n<meta property=\"article:publisher\" content=\"https:\/\/www.facebook.com\/trungtamanhnguphonicsplay\" \/>\n<meta property=\"article:modified_time\" content=\"2024-11-01T04:26:32+00:00\" \/>\n<meta property=\"og:image\" content=\"http:\/\/phonicsplay.edu.vn\/wp-content\/uploads\/2023\/03\/PP_HP_Web_13-300x200.png\" \/>\n<meta name=\"twitter:card\" content=\"summary_large_image\" \/>\n<meta name=\"twitter:label1\" content=\"Est. reading time\" \/>\n\t<meta name=\"twitter:data1\" content=\"4 minutes\" \/>\n<script type=\"application\/ld+json\" class=\"yoast-schema-graph\">{\"@context\":\"https:\/\/schema.org\",\"@graph\":[{\"@type\":\"WebPage\",\"@id\":\"https:\/\/phonicsplay.edu.vn\/tong-quan\/\",\"url\":\"https:\/\/phonicsplay.edu.vn\/tong-quan\/\",\"name\":\"T\u1ed4NG QUAN - Phonicsplay English Center\",\"isPartOf\":{\"@id\":\"https:\/\/phonicsplay.edu.vn\/#website\"},\"datePublished\":\"2023-03-09T02:24:30+00:00\",\"dateModified\":\"2024-11-01T04:26:32+00:00\",\"breadcrumb\":{\"@id\":\"https:\/\/phonicsplay.edu.vn\/tong-quan\/#breadcrumb\"},\"inLanguage\":\"en-US\",\"potentialAction\":[{\"@type\":\"ReadAction\",\"target\":[\"https:\/\/phonicsplay.edu.vn\/tong-quan\/\"]}]},{\"@type\":\"BreadcrumbList\",\"@id\":\"https:\/\/phonicsplay.edu.vn\/tong-quan\/#breadcrumb\",\"itemListElement\":[{\"@type\":\"ListItem\",\"position\":1,\"name\":\"Trang ch\u1ee7\",\"item\":\"https:\/\/phonicsplay.edu.vn\/\"},{\"@type\":\"ListItem\",\"position\":2,\"name\":\"T\u1ed4NG QUAN\"}]},{\"@type\":\"WebSite\",\"@id\":\"https:\/\/phonicsplay.edu.vn\/#website\",\"url\":\"https:\/\/phonicsplay.edu.vn\/\",\"name\":\"Phonicsplay English Center\",\"description\":\"Where Learning English Is The Same As Vietnamese\",\"publisher\":{\"@id\":\"https:\/\/phonicsplay.edu.vn\/#organization\"},\"potentialAction\":[{\"@type\":\"SearchAction\",\"target\":{\"@type\":\"EntryPoint\",\"urlTemplate\":\"https:\/\/phonicsplay.edu.vn\/?s={search_term_string}\"},\"query-input\":\"required name=search_term_string\"}],\"inLanguage\":\"en-US\"},{\"@type\":\"Organization\",\"@id\":\"https:\/\/phonicsplay.edu.vn\/#organization\",\"name\":\"Phonicsplay English Center\",\"url\":\"https:\/\/phonicsplay.edu.vn\/\",\"logo\":{\"@type\":\"ImageObject\",\"inLanguage\":\"en-US\",\"@id\":\"https:\/\/phonicsplay.edu.vn\/#\/schema\/logo\/image\/\",\"url\":\"http:\/\/phonicsplay.edu.vn\/wp-content\/uploads\/2022\/06\/Logo-jolly-phonic-final-02.png\",\"contentUrl\":\"http:\/\/phonicsplay.edu.vn\/wp-content\/uploads\/2022\/06\/Logo-jolly-phonic-final-02.png\",\"width\":1920,\"height\":1920,\"caption\":\"Phonicsplay English Center\"},\"image\":{\"@id\":\"https:\/\/phonicsplay.edu.vn\/#\/schema\/logo\/image\/\"},\"sameAs\":[\"https:\/\/www.facebook.com\/trungtamanhnguphonicsplay\",\"https:\/\/www.instagram.com\/phonicsplayenglish\/\",\"https:\/\/www.tiktok.com\/@phonicsplay\",\"https:\/\/www.youtube.com\/@phonicsplayenglish\",\"https:\/\/phonicsplay.kiddihub.com\/\"]}]}<\/script>\n<!-- \/ Yoast SEO plugin. -->","yoast_head_json":{"title":"T\u1ed4NG QUAN - Phonicsplay English Center","robots":{"index":"index","follow":"follow","max-snippet":"max-snippet:-1","max-image-preview":"max-image-preview:large","max-video-preview":"max-video-preview:-1"},"canonical":"http:\/\/phonicsplay.edu.vn\/en\/tong-quan\/","og_locale":"en_US","og_type":"article","og_title":"T\u1ed4NG QUAN - Phonicsplay English Center","og_description":"Ph\u01b0\u01a1ng ph\u00e1p h\u1ecdc t\u1eadp Jolly Phonics l\u00e0 m\u1ed9t ch\u01b0\u01a1ng tr\u00ecnh ti\u1ebfng Anh \u0111\u1ed9c \u0111\u00e1o s\u1eed d\u1ee5ng ph\u01b0\u01a1ng ph\u00e1p ng\u1eef \u00e2m t\u1ed5ng h\u1ee3p \u0111\u1ec3 gi\u00fap tr\u1ebb em \u0111\u1ecdc, vi\u1ebft v\u00e0 n\u00f3i ti\u1ebfng Anh tr\u00f4i ch\u1ea3y. Kh\u00e1c v\u1edbi c\u00e1c ch\u01b0\u01a1ng tr\u00ecnh ph\u1ed5 bi\u1ebfn kh\u00e1c nh\u01b0 Cambridge ho\u1eb7c IELTS, Jolly Phonics t\u1eadp trung v\u00e0o vi\u1ec7c gi\u1ea3ng d\u1ea1y ng\u1eef [&hellip;]","og_url":"http:\/\/phonicsplay.edu.vn\/en\/tong-quan\/","og_site_name":"Phonicsplay English Center","article_publisher":"https:\/\/www.facebook.com\/trungtamanhnguphonicsplay","article_modified_time":"2024-11-01T04:26:32+00:00","og_image":[{"url":"http:\/\/phonicsplay.edu.vn\/wp-content\/uploads\/2023\/03\/PP_HP_Web_13-300x200.png"}],"twitter_card":"summary_large_image","twitter_misc":{"Est. reading time":"4 minutes"},"schema":{"@context":"https:\/\/schema.org","@graph":[{"@type":"WebPage","@id":"https:\/\/phonicsplay.edu.vn\/tong-quan\/","url":"https:\/\/phonicsplay.edu.vn\/tong-quan\/","name":"T\u1ed4NG QUAN - Phonicsplay English Center","isPartOf":{"@id":"https:\/\/phonicsplay.edu.vn\/#website"},"datePublished":"2023-03-09T02:24:30+00:00","dateModified":"2024-11-01T04:26:32+00:00","breadcrumb":{"@id":"https:\/\/phonicsplay.edu.vn\/tong-quan\/#breadcrumb"},"inLanguage":"en-US","potentialAction":[{"@type":"ReadAction","target":["https:\/\/phonicsplay.edu.vn\/tong-quan\/"]}]},{"@type":"BreadcrumbList","@id":"https:\/\/phonicsplay.edu.vn\/tong-quan\/#breadcrumb","itemListElement":[{"@type":"ListItem","position":1,"name":"Trang ch\u1ee7","item":"https:\/\/phonicsplay.edu.vn\/"},{"@type":"ListItem","position":2,"name":"T\u1ed4NG QUAN"}]},{"@type":"WebSite","@id":"https:\/\/phonicsplay.edu.vn\/#website","url":"https:\/\/phonicsplay.edu.vn\/","name":"Phonicsplay English Center","description":"Where Learning English Is The Same As Vietnamese","publisher":{"@id":"https:\/\/phonicsplay.edu.vn\/#organization"},"potentialAction":[{"@type":"SearchAction","target":{"@type":"EntryPoint","urlTemplate":"https:\/\/phonicsplay.edu.vn\/?s={search_term_string}"},"query-input":"required name=search_term_string"}],"inLanguage":"en-US"},{"@type":"Organization","@id":"https:\/\/phonicsplay.edu.vn\/#organization","name":"Phonicsplay English Center","url":"https:\/\/phonicsplay.edu.vn\/","logo":{"@type":"ImageObject","inLanguage":"en-US","@id":"https:\/\/phonicsplay.edu.vn\/#\/schema\/logo\/image\/","url":"http:\/\/phonicsplay.edu.vn\/wp-content\/uploads\/2022\/06\/Logo-jolly-phonic-final-02.png","contentUrl":"http:\/\/phonicsplay.edu.vn\/wp-content\/uploads\/2022\/06\/Logo-jolly-phonic-final-02.png","width":1920,"height":1920,"caption":"Phonicsplay English Center"},"image":{"@id":"https:\/\/phonicsplay.edu.vn\/#\/schema\/logo\/image\/"},"sameAs":["https:\/\/www.facebook.com\/trungtamanhnguphonicsplay","https:\/\/www.instagram.com\/phonicsplayenglish\/","https:\/\/www.tiktok.com\/@phonicsplay","https:\/\/www.youtube.com\/@phonicsplayenglish","https:\/\/phonicsplay.kiddihub.com\/"]}]}},"_links":{"self":[{"href":"http:\/\/phonicsplay.edu.vn\/en\/wp-json\/wp\/v2\/pages\/4504","targetHints":{"allow":["GET"]}}],"collection":[{"href":"http:\/\/phonicsplay.edu.vn\/en\/wp-json\/wp\/v2\/pages"}],"about":[{"href":"http:\/\/phonicsplay.edu.vn\/en\/wp-json\/wp\/v2\/types\/page"}],"author":[{"embeddable":true,"href":"http:\/\/phonicsplay.edu.vn\/en\/wp-json\/wp\/v2\/users\/2"}],"replies":[{"embeddable":true,"href":"http:\/\/phonicsplay.edu.vn\/en\/wp-json\/wp\/v2\/comments?post=4504"}],"version-history":[{"count":180,"href":"http:\/\/phonicsplay.edu.vn\/en\/wp-json\/wp\/v2\/pages\/4504\/revisions"}],"predecessor-version":[{"id":7751,"href":"http:\/\/phonicsplay.edu.vn\/en\/wp-json\/wp\/v2\/pages\/4504\/revisions\/7751"}],"wp:attachment":[{"href":"http:\/\/phonicsplay.edu.vn\/en\/wp-json\/wp\/v2\/media?parent=4504"}],"curies":[{"name":"wp","href":"https:\/\/api.w.org\/{rel}","templated":true}]}}